{"id":751,"date":"2023-04-24T00:01:33","date_gmt":"2023-04-24T00:01:33","guid":{"rendered":"https:\/\/www.francoisfelixroy.com\/?post_type=product&#038;p=751"},"modified":"2023-11-23T21:10:26","modified_gmt":"2023-11-23T21:10:26","slug":"suite-de-la-cardeuse-1-2-tab-galope-a-joseph-couture","status":"publish","type":"product","link":"https:\/\/www.francoisfelixroy.com\/en\/product\/suite-de-la-cardeuse-1-2-tab-galope-a-joseph-couture\/","title":{"rendered":"Suite de la cardeuse 1\/2 (Tab) Galope \u00e0 Joseph Couture"},"content":{"rendered":"<p>Tablature fingerstyle de la premi\u00e8re pi\u00e8ce de la suite \u00ab Suite de la cardeuse \u00bb, qui appara\u00eet sur mon premier album <em>Peines perdues<\/em> (en vente via Bandcamp)<br \/>\nPour la 2e moiti\u00e9 du medley, voir \u00ab Suite de la cardeuse 2\/2 (Tab) Reel de la cardeuse \u00bb<\/p>\n<p><em>Fingerstyle tab of the first piece of the &#8220;Suite de la cardeuse&#8221; medley, which features on my debut album <\/em>Peines perdues <em>(on sale via Bandcamp)<br \/>\n<\/em><em>For the other half of the medley, see \u00ab Suite de la cardeuse 2\/2 (Tab) Reel de la cardeuse \u00bb<\/em><\/p>","protected":false},"excerpt":{"rendered":"<p>Ceci est un PDF pour t\u00e9l\u00e9chargement.<\/p>","protected":false},"featured_media":758,"comment_status":"open","ping_status":"closed","template":"","meta":{"nf_dc_page":"","_monsterinsights_skip_tracking":false,"_monsterinsights_sitenote_active":false,"_monsterinsights_sitenote_note":"","_monsterinsights_sitenote_category":0,"cybocfi_hide_featured_image":""},"product_brand":[],"product_cat":[45],"product_tag":[],"class_list":{"0":"post-751","1":"product","2":"type-product","3":"status-publish","4":"has-post-thumbnail","6":"product_cat-music","8":"first","9":"instock","10":"downloadable","11":"virtual","12":"purchasable","13":"product-type-simple"},"yoast_head":"<!-- This site is optimized with the Yoast SEO plugin v27.4 - https:\/\/yoast.com\/product\/yoast-seo-wordpress\/ -->\n<title>Suite de la cardeuse 1\/2 (Tab) Galope \u00e0 Joseph Couture - Fran\u00e7ois-F\u00e9lix Roy<\/title>\n<meta name=\"description\" content=\"Tablature fingerstyle de \u00ab Galope \u00e0 Joseph Couture \u00bb (trad, arr. Fran\u00e7ois-F\u00e9lix Roy), qui appara\u00eet sur l&#039;album Peines perdues (en vente via Bandcamp)\" \/>\n<meta name=\"robots\" content=\"index, follow, max-snippet:-1, max-image-preview:large, max-video-preview:-1\" \/>\n<link rel=\"canonical\" href=\"https:\/\/www.francoisfelixroy.com\/en\/product\/suite-de-la-cardeuse-1-2-tab-galope-a-joseph-couture\/\" \/>\n<meta property=\"og:locale\" content=\"en_US\" \/>\n<meta property=\"og:type\" content=\"article\" \/>\n<meta property=\"og:title\" content=\"Suite de la cardeuse 1\/2 (Tab) Galope \u00e0 Joseph Couture - Fran\u00e7ois-F\u00e9lix Roy\" \/>\n<meta property=\"og:description\" content=\"Tablature fingerstyle de \u00ab Galope \u00e0 Joseph Couture \u00bb (trad, arr. Fran\u00e7ois-F\u00e9lix Roy), qui appara\u00eet sur l&#039;album Peines perdues (en vente via Bandcamp)\" \/>\n<meta property=\"og:url\" content=\"https:\/\/www.francoisfelixroy.com\/en\/product\/suite-de-la-cardeuse-1-2-tab-galope-a-joseph-couture\/\" \/>\n<meta property=\"og:site_name\" content=\"Fran\u00e7ois-F\u00e9lix Roy\" \/>\n<meta property=\"article:modified_time\" content=\"2023-11-23T21:10:26+00:00\" \/>\n<meta property=\"og:image\" content=\"https:\/\/www.francoisfelixroy.com\/wp-content\/uploads\/2023\/04\/FFR_001_SINGLE02.jpg\" \/>\n\t<meta property=\"og:image:width\" content=\"1500\" \/>\n\t<meta property=\"og:image:height\" content=\"1500\" \/>\n\t<meta property=\"og:image:type\" content=\"image\/jpeg\" \/>\n<meta name=\"twitter:card\" content=\"summary_large_image\" \/>\n<meta name=\"twitter:label1\" content=\"Est. reading time\" \/>\n\t<meta name=\"twitter:data1\" content=\"1 minute\" \/>\n<script type=\"application\/ld+json\" class=\"yoast-schema-graph\">{\"@context\":\"https:\\\/\\\/schema.org\",\"@graph\":[{\"@type\":\"WebPage\",\"@id\":\"https:\\\/\\\/www.francoisfelixroy.com\\\/product\\\/suite-de-la-cardeuse-1-2-tab-galope-a-joseph-couture\\\/\",\"url\":\"https:\\\/\\\/www.francoisfelixroy.com\\\/product\\\/suite-de-la-cardeuse-1-2-tab-galope-a-joseph-couture\\\/\",\"name\":\"Suite de la cardeuse 1\\\/2 (Tab) Galope \u00e0 Joseph Couture - Fran\u00e7ois-F\u00e9lix Roy\",\"isPartOf\":{\"@id\":\"https:\\\/\\\/www.francoisfelixroy.com\\\/#website\"},\"primaryImageOfPage\":{\"@id\":\"https:\\\/\\\/www.francoisfelixroy.com\\\/product\\\/suite-de-la-cardeuse-1-2-tab-galope-a-joseph-couture\\\/#primaryimage\"},\"image\":{\"@id\":\"https:\\\/\\\/www.francoisfelixroy.com\\\/product\\\/suite-de-la-cardeuse-1-2-tab-galope-a-joseph-couture\\\/#primaryimage\"},\"thumbnailUrl\":\"https:\\\/\\\/i0.wp.com\\\/www.francoisfelixroy.com\\\/wp-content\\\/uploads\\\/2023\\\/04\\\/FFR_001_SINGLE02.jpg?fit=1500%2C1500&ssl=1\",\"datePublished\":\"2023-04-24T00:01:33+00:00\",\"dateModified\":\"2023-11-23T21:10:26+00:00\",\"description\":\"Tablature fingerstyle de \u00ab Galope \u00e0 Joseph Couture \u00bb (trad, arr. Fran\u00e7ois-F\u00e9lix Roy), qui appara\u00eet sur l'album Peines perdues (en vente via Bandcamp)\",\"breadcrumb\":{\"@id\":\"https:\\\/\\\/www.francoisfelixroy.com\\\/product\\\/suite-de-la-cardeuse-1-2-tab-galope-a-joseph-couture\\\/#breadcrumb\"},\"inLanguage\":\"en-CA\",\"potentialAction\":[{\"@type\":\"ReadAction\",\"target\":[\"https:\\\/\\\/www.francoisfelixroy.com\\\/product\\\/suite-de-la-cardeuse-1-2-tab-galope-a-joseph-couture\\\/\"]}]},{\"@type\":\"ImageObject\",\"inLanguage\":\"en-CA\",\"@id\":\"https:\\\/\\\/www.francoisfelixroy.com\\\/product\\\/suite-de-la-cardeuse-1-2-tab-galope-a-joseph-couture\\\/#primaryimage\",\"url\":\"https:\\\/\\\/i0.wp.com\\\/www.francoisfelixroy.com\\\/wp-content\\\/uploads\\\/2023\\\/04\\\/FFR_001_SINGLE02.jpg?fit=1500%2C1500&ssl=1\",\"contentUrl\":\"https:\\\/\\\/i0.wp.com\\\/www.francoisfelixroy.com\\\/wp-content\\\/uploads\\\/2023\\\/04\\\/FFR_001_SINGLE02.jpg?fit=1500%2C1500&ssl=1\",\"width\":1500,\"height\":1500,\"caption\":\"Suite de la cardeuse\"},{\"@type\":\"BreadcrumbList\",\"@id\":\"https:\\\/\\\/www.francoisfelixroy.com\\\/product\\\/suite-de-la-cardeuse-1-2-tab-galope-a-joseph-couture\\\/#breadcrumb\",\"itemListElement\":[{\"@type\":\"ListItem\",\"position\":1,\"name\":\"Accueil\",\"item\":\"https:\\\/\\\/www.francoisfelixroy.com\\\/\"},{\"@type\":\"ListItem\",\"position\":2,\"name\":\"Boutique\",\"item\":\"https:\\\/\\\/www.francoisfelixroy.com\\\/boutique\\\/\"},{\"@type\":\"ListItem\",\"position\":3,\"name\":\"Suite de la cardeuse 1\\\/2 (Tab) Galope \u00e0 Joseph Couture\"}]},{\"@type\":\"WebSite\",\"@id\":\"https:\\\/\\\/www.francoisfelixroy.com\\\/#website\",\"url\":\"https:\\\/\\\/www.francoisfelixroy.com\\\/\",\"name\":\"Fran\u00e7ois-F\u00e9lix Roy\",\"description\":\"\",\"publisher\":{\"@id\":\"https:\\\/\\\/www.francoisfelixroy.com\\\/#\\\/schema\\\/person\\\/fc98a2413ff00ce4317f0854aeece535\"},\"potentialAction\":[{\"@type\":\"SearchAction\",\"target\":{\"@type\":\"EntryPoint\",\"urlTemplate\":\"https:\\\/\\\/www.francoisfelixroy.com\\\/?s={search_term_string}\"},\"query-input\":{\"@type\":\"PropertyValueSpecification\",\"valueRequired\":true,\"valueName\":\"search_term_string\"}}],\"inLanguage\":\"en-CA\"},{\"@type\":[\"Person\",\"Organization\"],\"@id\":\"https:\\\/\\\/www.francoisfelixroy.com\\\/#\\\/schema\\\/person\\\/fc98a2413ff00ce4317f0854aeece535\",\"name\":\"francoisfelixroy\",\"image\":{\"@type\":\"ImageObject\",\"inLanguage\":\"en-CA\",\"@id\":\"https:\\\/\\\/secure.gravatar.com\\\/avatar\\\/6fdf0ea179b60b84ac828225dd139c935898b0ab81eeff3d0920a6d89f922984?s=96&d=mm&r=g\",\"url\":\"https:\\\/\\\/secure.gravatar.com\\\/avatar\\\/6fdf0ea179b60b84ac828225dd139c935898b0ab81eeff3d0920a6d89f922984?s=96&d=mm&r=g\",\"contentUrl\":\"https:\\\/\\\/secure.gravatar.com\\\/avatar\\\/6fdf0ea179b60b84ac828225dd139c935898b0ab81eeff3d0920a6d89f922984?s=96&d=mm&r=g\",\"caption\":\"francoisfelixroy\"},\"logo\":{\"@id\":\"https:\\\/\\\/secure.gravatar.com\\\/avatar\\\/6fdf0ea179b60b84ac828225dd139c935898b0ab81eeff3d0920a6d89f922984?s=96&d=mm&r=g\"}}]}<\/script>\n<!-- \/ Yoast SEO plugin. -->","yoast_head_json":{"title":"Suite de la cardeuse 1\/2 (Tab) Galope \u00e0 Joseph Couture - Fran\u00e7ois-F\u00e9lix Roy","description":"Tablature fingerstyle de \u00ab Galope \u00e0 Joseph Couture \u00bb (trad, arr. Fran\u00e7ois-F\u00e9lix Roy), qui appara\u00eet sur l'album Peines perdues (en vente via Bandcamp)","robots":{"index":"index","follow":"follow","max-snippet":"max-snippet:-1","max-image-preview":"max-image-preview:large","max-video-preview":"max-video-preview:-1"},"canonical":"https:\/\/www.francoisfelixroy.com\/en\/product\/suite-de-la-cardeuse-1-2-tab-galope-a-joseph-couture\/","og_locale":"en_US","og_type":"article","og_title":"Suite de la cardeuse 1\/2 (Tab) Galope \u00e0 Joseph Couture - Fran\u00e7ois-F\u00e9lix Roy","og_description":"Tablature fingerstyle de \u00ab Galope \u00e0 Joseph Couture \u00bb (trad, arr. Fran\u00e7ois-F\u00e9lix Roy), qui appara\u00eet sur l'album Peines perdues (en vente via Bandcamp)","og_url":"https:\/\/www.francoisfelixroy.com\/en\/product\/suite-de-la-cardeuse-1-2-tab-galope-a-joseph-couture\/","og_site_name":"Fran\u00e7ois-F\u00e9lix Roy","article_modified_time":"2023-11-23T21:10:26+00:00","og_image":[{"width":1500,"height":1500,"url":"https:\/\/www.francoisfelixroy.com\/wp-content\/uploads\/2023\/04\/FFR_001_SINGLE02.jpg","type":"image\/jpeg"}],"twitter_card":"summary_large_image","twitter_misc":{"Est. reading time":"1 minute"},"schema":{"@context":"https:\/\/schema.org","@graph":[{"@type":"WebPage","@id":"https:\/\/www.francoisfelixroy.com\/product\/suite-de-la-cardeuse-1-2-tab-galope-a-joseph-couture\/","url":"https:\/\/www.francoisfelixroy.com\/product\/suite-de-la-cardeuse-1-2-tab-galope-a-joseph-couture\/","name":"Suite de la cardeuse 1\/2 (Tab) Galope \u00e0 Joseph Couture - Fran\u00e7ois-F\u00e9lix Roy","isPartOf":{"@id":"https:\/\/www.francoisfelixroy.com\/#website"},"primaryImageOfPage":{"@id":"https:\/\/www.francoisfelixroy.com\/product\/suite-de-la-cardeuse-1-2-tab-galope-a-joseph-couture\/#primaryimage"},"image":{"@id":"https:\/\/www.francoisfelixroy.com\/product\/suite-de-la-cardeuse-1-2-tab-galope-a-joseph-couture\/#primaryimage"},"thumbnailUrl":"https:\/\/i0.wp.com\/www.francoisfelixroy.com\/wp-content\/uploads\/2023\/04\/FFR_001_SINGLE02.jpg?fit=1500%2C1500&ssl=1","datePublished":"2023-04-24T00:01:33+00:00","dateModified":"2023-11-23T21:10:26+00:00","description":"Tablature fingerstyle de \u00ab Galope \u00e0 Joseph Couture \u00bb (trad, arr. Fran\u00e7ois-F\u00e9lix Roy), qui appara\u00eet sur l'album Peines perdues (en vente via Bandcamp)","breadcrumb":{"@id":"https:\/\/www.francoisfelixroy.com\/product\/suite-de-la-cardeuse-1-2-tab-galope-a-joseph-couture\/#breadcrumb"},"inLanguage":"en-CA","potentialAction":[{"@type":"ReadAction","target":["https:\/\/www.francoisfelixroy.com\/product\/suite-de-la-cardeuse-1-2-tab-galope-a-joseph-couture\/"]}]},{"@type":"ImageObject","inLanguage":"en-CA","@id":"https:\/\/www.francoisfelixroy.com\/product\/suite-de-la-cardeuse-1-2-tab-galope-a-joseph-couture\/#primaryimage","url":"https:\/\/i0.wp.com\/www.francoisfelixroy.com\/wp-content\/uploads\/2023\/04\/FFR_001_SINGLE02.jpg?fit=1500%2C1500&ssl=1","contentUrl":"https:\/\/i0.wp.com\/www.francoisfelixroy.com\/wp-content\/uploads\/2023\/04\/FFR_001_SINGLE02.jpg?fit=1500%2C1500&ssl=1","width":1500,"height":1500,"caption":"Suite de la cardeuse"},{"@type":"BreadcrumbList","@id":"https:\/\/www.francoisfelixroy.com\/product\/suite-de-la-cardeuse-1-2-tab-galope-a-joseph-couture\/#breadcrumb","itemListElement":[{"@type":"ListItem","position":1,"name":"Accueil","item":"https:\/\/www.francoisfelixroy.com\/"},{"@type":"ListItem","position":2,"name":"Boutique","item":"https:\/\/www.francoisfelixroy.com\/boutique\/"},{"@type":"ListItem","position":3,"name":"Suite de la cardeuse 1\/2 (Tab) Galope \u00e0 Joseph Couture"}]},{"@type":"WebSite","@id":"https:\/\/www.francoisfelixroy.com\/#website","url":"https:\/\/www.francoisfelixroy.com\/","name":"Fran\u00e7ois-F\u00e9lix Roy","description":"","publisher":{"@id":"https:\/\/www.francoisfelixroy.com\/#\/schema\/person\/fc98a2413ff00ce4317f0854aeece535"},"potentialAction":[{"@type":"SearchAction","target":{"@type":"EntryPoint","urlTemplate":"https:\/\/www.francoisfelixroy.com\/?s={search_term_string}"},"query-input":{"@type":"PropertyValueSpecification","valueRequired":true,"valueName":"search_term_string"}}],"inLanguage":"en-CA"},{"@type":["Person","Organization"],"@id":"https:\/\/www.francoisfelixroy.com\/#\/schema\/person\/fc98a2413ff00ce4317f0854aeece535","name":"francoisfelixroy","image":{"@type":"ImageObject","inLanguage":"en-CA","@id":"https:\/\/secure.gravatar.com\/avatar\/6fdf0ea179b60b84ac828225dd139c935898b0ab81eeff3d0920a6d89f922984?s=96&d=mm&r=g","url":"https:\/\/secure.gravatar.com\/avatar\/6fdf0ea179b60b84ac828225dd139c935898b0ab81eeff3d0920a6d89f922984?s=96&d=mm&r=g","contentUrl":"https:\/\/secure.gravatar.com\/avatar\/6fdf0ea179b60b84ac828225dd139c935898b0ab81eeff3d0920a6d89f922984?s=96&d=mm&r=g","caption":"francoisfelixroy"},"logo":{"@id":"https:\/\/secure.gravatar.com\/avatar\/6fdf0ea179b60b84ac828225dd139c935898b0ab81eeff3d0920a6d89f922984?s=96&d=mm&r=g"}}]}},"jetpack_sharing_enabled":true,"_links":{"self":[{"href":"https:\/\/www.francoisfelixroy.com\/en\/wp-json\/wp\/v2\/product\/751","targetHints":{"allow":["GET"]}}],"collection":[{"href":"https:\/\/www.francoisfelixroy.com\/en\/wp-json\/wp\/v2\/product"}],"about":[{"href":"https:\/\/www.francoisfelixroy.com\/en\/wp-json\/wp\/v2\/types\/product"}],"replies":[{"embeddable":true,"href":"https:\/\/www.francoisfelixroy.com\/en\/wp-json\/wp\/v2\/comments?post=751"}],"wp:featuredmedia":[{"embeddable":true,"href":"https:\/\/www.francoisfelixroy.com\/en\/wp-json\/wp\/v2\/media\/758"}],"wp:attachment":[{"href":"https:\/\/www.francoisfelixroy.com\/en\/wp-json\/wp\/v2\/media?parent=751"}],"wp:term":[{"taxonomy":"product_brand","embeddable":true,"href":"https:\/\/www.francoisfelixroy.com\/en\/wp-json\/wp\/v2\/product_brand?post=751"},{"taxonomy":"product_cat","embeddable":true,"href":"https:\/\/www.francoisfelixroy.com\/en\/wp-json\/wp\/v2\/product_cat?post=751"},{"taxonomy":"product_tag","embeddable":true,"href":"https:\/\/www.francoisfelixroy.com\/en\/wp-json\/wp\/v2\/product_tag?post=751"}],"curies":[{"name":"wp","href":"https:\/\/api.w.org\/{rel}","templated":true}]}}