{"id":755,"date":"2023-04-24T00:14:51","date_gmt":"2023-04-24T00:14:51","guid":{"rendered":"https:\/\/www.francoisfelixroy.com\/?page_id=755"},"modified":"2023-06-07T23:38:04","modified_gmt":"2023-06-07T23:38:04","slug":"tablatures-fingerstyle","status":"publish","type":"page","link":"https:\/\/www.francoisfelixroy.com\/en\/tablatures-fingerstyle\/","title":{"rendered":"Tablatures fingerstyle"},"content":{"rendered":"\n<p>Bonjour! Voici les tablatures des arrangements <em>fingerstyle <\/em>qui sont disponibles \u00e0 l&#8217;achat. Si vous avez une demande sp\u00e9ciale, n&#8217;h\u00e9sitez pas \u00e0 me contacter.<\/p>\n\n\n\n<p>Pour acheter une copie num\u00e9rique ou physique de mon album <em>Peines perdues<\/em>, rendez-vous sur <a href=\"https:\/\/francoisfelixroy.bandcamp.com\/album\/peines-perdues\" target=\"_blank\" rel=\"noreferrer noopener\">la page Bandcamp<\/a>. <\/p>\n\n\n\n<div data-align-buttons=\"false\" data-block-name=\"woocommerce\/all-products\" data-columns=\"3\" data-content-visibility=\"{&quot;orderBy&quot;:true}\" data-layout-config=\"[[&quot;woocommerce\\\/product-image&quot;,{&quot;imageSizing&quot;:&quot;cropped&quot;}],[&quot;woocommerce\\\/product-title&quot;],[&quot;woocommerce\\\/product-price&quot;],[&quot;woocommerce\\\/product-rating&quot;],[&quot;woocommerce\\\/product-button&quot;]]\" data-orderby=\"date\" data-rows=\"3\" class=\"wp-block-woocommerce-all-products wc-block-all-products\" data-attributes=\"{&quot;alignButtons&quot;:false,&quot;columns&quot;:3,&quot;contentVisibility&quot;:{&quot;orderBy&quot;:true},&quot;isPreview&quot;:false,&quot;layoutConfig&quot;:[[&quot;woocommerce\/product-image&quot;,{&quot;imageSizing&quot;:&quot;cropped&quot;}],[&quot;woocommerce\/product-title&quot;],[&quot;woocommerce\/product-price&quot;],[&quot;woocommerce\/product-rating&quot;],[&quot;woocommerce\/product-button&quot;]],&quot;orderby&quot;:&quot;date&quot;,&quot;rows&quot;:3}\"><\/div>\n","protected":false},"excerpt":{"rendered":"<p>Bonjour! Voici les tablatures des arrangements fingerstyle qui sont disponibles \u00e0 l&#8217;achat. Si vous avez une demande sp\u00e9ciale, n&#8217;h\u00e9sitez pas \u00e0 me contacter. Pour acheter une copie num\u00e9rique ou physique de mon album Peines perdues,<\/p>\n<div class=\"blog-buttons\"><a href=\"https:\/\/www.francoisfelixroy.com\/en\/tablatures-fingerstyle\/\" class=\"more-link\">Read more<\/a><\/div>","protected":false},"author":1,"featured_media":0,"parent":0,"menu_order":0,"comment_status":"closed","ping_status":"closed","template":"","meta":{"nf_dc_page":"","_monsterinsights_skip_tracking":false,"_monsterinsights_sitenote_active":false,"_monsterinsights_sitenote_note":"","_monsterinsights_sitenote_category":0,"cybocfi_hide_featured_image":"","footnotes":""},"class_list":["post-755","page","type-page","status-publish","hentry"],"yoast_head":"<!-- This site is optimized with the Yoast SEO plugin v27.4 - https:\/\/yoast.com\/product\/yoast-seo-wordpress\/ -->\n<title>Tablatures fingerstyle - Fran\u00e7ois-F\u00e9lix Roy<\/title>\n<meta name=\"robots\" content=\"index, follow, max-snippet:-1, max-image-preview:large, max-video-preview:-1\" \/>\n<link rel=\"canonical\" href=\"https:\/\/www.francoisfelixroy.com\/en\/tablatures-fingerstyle\/\" \/>\n<meta property=\"og:locale\" content=\"en_US\" \/>\n<meta property=\"og:type\" content=\"article\" \/>\n<meta property=\"og:title\" content=\"Tablatures fingerstyle - Fran\u00e7ois-F\u00e9lix Roy\" \/>\n<meta property=\"og:description\" content=\"Bonjour! Voici les tablatures des arrangements fingerstyle qui sont disponibles \u00e0 l&#8217;achat. Si vous avez une demande sp\u00e9ciale, n&#8217;h\u00e9sitez pas \u00e0 me contacter. Pour acheter une copie num\u00e9rique ou physique de mon album Peines perdues,Lire la suite\" \/>\n<meta property=\"og:url\" content=\"https:\/\/www.francoisfelixroy.com\/en\/tablatures-fingerstyle\/\" \/>\n<meta property=\"og:site_name\" content=\"Fran\u00e7ois-F\u00e9lix Roy\" \/>\n<meta property=\"article:modified_time\" content=\"2023-06-07T23:38:04+00:00\" \/>\n<meta name=\"twitter:card\" content=\"summary_large_image\" \/>\n<meta name=\"twitter:label1\" content=\"Est. reading time\" \/>\n\t<meta name=\"twitter:data1\" content=\"1 minute\" \/>\n<script type=\"application\/ld+json\" class=\"yoast-schema-graph\">{\"@context\":\"https:\\\/\\\/schema.org\",\"@graph\":[{\"@type\":\"WebPage\",\"@id\":\"https:\\\/\\\/www.francoisfelixroy.com\\\/tablatures-fingerstyle\\\/\",\"url\":\"https:\\\/\\\/www.francoisfelixroy.com\\\/tablatures-fingerstyle\\\/\",\"name\":\"Tablatures fingerstyle - Fran\u00e7ois-F\u00e9lix Roy\",\"isPartOf\":{\"@id\":\"https:\\\/\\\/www.francoisfelixroy.com\\\/#website\"},\"datePublished\":\"2023-04-24T00:14:51+00:00\",\"dateModified\":\"2023-06-07T23:38:04+00:00\",\"breadcrumb\":{\"@id\":\"https:\\\/\\\/www.francoisfelixroy.com\\\/tablatures-fingerstyle\\\/#breadcrumb\"},\"inLanguage\":\"en-CA\",\"potentialAction\":[{\"@type\":\"ReadAction\",\"target\":[\"https:\\\/\\\/www.francoisfelixroy.com\\\/tablatures-fingerstyle\\\/\"]}]},{\"@type\":\"BreadcrumbList\",\"@id\":\"https:\\\/\\\/www.francoisfelixroy.com\\\/tablatures-fingerstyle\\\/#breadcrumb\",\"itemListElement\":[{\"@type\":\"ListItem\",\"position\":1,\"name\":\"Accueil\",\"item\":\"https:\\\/\\\/www.francoisfelixroy.com\\\/\"},{\"@type\":\"ListItem\",\"position\":2,\"name\":\"Tablatures fingerstyle\"}]},{\"@type\":\"WebSite\",\"@id\":\"https:\\\/\\\/www.francoisfelixroy.com\\\/#website\",\"url\":\"https:\\\/\\\/www.francoisfelixroy.com\\\/\",\"name\":\"Fran\u00e7ois-F\u00e9lix Roy\",\"description\":\"\",\"publisher\":{\"@id\":\"https:\\\/\\\/www.francoisfelixroy.com\\\/#\\\/schema\\\/person\\\/fc98a2413ff00ce4317f0854aeece535\"},\"potentialAction\":[{\"@type\":\"SearchAction\",\"target\":{\"@type\":\"EntryPoint\",\"urlTemplate\":\"https:\\\/\\\/www.francoisfelixroy.com\\\/?s={search_term_string}\"},\"query-input\":{\"@type\":\"PropertyValueSpecification\",\"valueRequired\":true,\"valueName\":\"search_term_string\"}}],\"inLanguage\":\"en-CA\"},{\"@type\":[\"Person\",\"Organization\"],\"@id\":\"https:\\\/\\\/www.francoisfelixroy.com\\\/#\\\/schema\\\/person\\\/fc98a2413ff00ce4317f0854aeece535\",\"name\":\"francoisfelixroy\",\"image\":{\"@type\":\"ImageObject\",\"inLanguage\":\"en-CA\",\"@id\":\"https:\\\/\\\/secure.gravatar.com\\\/avatar\\\/6fdf0ea179b60b84ac828225dd139c935898b0ab81eeff3d0920a6d89f922984?s=96&d=mm&r=g\",\"url\":\"https:\\\/\\\/secure.gravatar.com\\\/avatar\\\/6fdf0ea179b60b84ac828225dd139c935898b0ab81eeff3d0920a6d89f922984?s=96&d=mm&r=g\",\"contentUrl\":\"https:\\\/\\\/secure.gravatar.com\\\/avatar\\\/6fdf0ea179b60b84ac828225dd139c935898b0ab81eeff3d0920a6d89f922984?s=96&d=mm&r=g\",\"caption\":\"francoisfelixroy\"},\"logo\":{\"@id\":\"https:\\\/\\\/secure.gravatar.com\\\/avatar\\\/6fdf0ea179b60b84ac828225dd139c935898b0ab81eeff3d0920a6d89f922984?s=96&d=mm&r=g\"}}]}<\/script>\n<!-- \/ Yoast SEO plugin. -->","yoast_head_json":{"title":"Tablatures fingerstyle - Fran\u00e7ois-F\u00e9lix Roy","robots":{"index":"index","follow":"follow","max-snippet":"max-snippet:-1","max-image-preview":"max-image-preview:large","max-video-preview":"max-video-preview:-1"},"canonical":"https:\/\/www.francoisfelixroy.com\/en\/tablatures-fingerstyle\/","og_locale":"en_US","og_type":"article","og_title":"Tablatures fingerstyle - Fran\u00e7ois-F\u00e9lix Roy","og_description":"Bonjour! Voici les tablatures des arrangements fingerstyle qui sont disponibles \u00e0 l&#8217;achat. Si vous avez une demande sp\u00e9ciale, n&#8217;h\u00e9sitez pas \u00e0 me contacter. Pour acheter une copie num\u00e9rique ou physique de mon album Peines perdues,Lire la suite","og_url":"https:\/\/www.francoisfelixroy.com\/en\/tablatures-fingerstyle\/","og_site_name":"Fran\u00e7ois-F\u00e9lix Roy","article_modified_time":"2023-06-07T23:38:04+00:00","twitter_card":"summary_large_image","twitter_misc":{"Est. reading time":"1 minute"},"schema":{"@context":"https:\/\/schema.org","@graph":[{"@type":"WebPage","@id":"https:\/\/www.francoisfelixroy.com\/tablatures-fingerstyle\/","url":"https:\/\/www.francoisfelixroy.com\/tablatures-fingerstyle\/","name":"Tablatures fingerstyle - Fran\u00e7ois-F\u00e9lix Roy","isPartOf":{"@id":"https:\/\/www.francoisfelixroy.com\/#website"},"datePublished":"2023-04-24T00:14:51+00:00","dateModified":"2023-06-07T23:38:04+00:00","breadcrumb":{"@id":"https:\/\/www.francoisfelixroy.com\/tablatures-fingerstyle\/#breadcrumb"},"inLanguage":"en-CA","potentialAction":[{"@type":"ReadAction","target":["https:\/\/www.francoisfelixroy.com\/tablatures-fingerstyle\/"]}]},{"@type":"BreadcrumbList","@id":"https:\/\/www.francoisfelixroy.com\/tablatures-fingerstyle\/#breadcrumb","itemListElement":[{"@type":"ListItem","position":1,"name":"Accueil","item":"https:\/\/www.francoisfelixroy.com\/"},{"@type":"ListItem","position":2,"name":"Tablatures fingerstyle"}]},{"@type":"WebSite","@id":"https:\/\/www.francoisfelixroy.com\/#website","url":"https:\/\/www.francoisfelixroy.com\/","name":"Fran\u00e7ois-F\u00e9lix Roy","description":"","publisher":{"@id":"https:\/\/www.francoisfelixroy.com\/#\/schema\/person\/fc98a2413ff00ce4317f0854aeece535"},"potentialAction":[{"@type":"SearchAction","target":{"@type":"EntryPoint","urlTemplate":"https:\/\/www.francoisfelixroy.com\/?s={search_term_string}"},"query-input":{"@type":"PropertyValueSpecification","valueRequired":true,"valueName":"search_term_string"}}],"inLanguage":"en-CA"},{"@type":["Person","Organization"],"@id":"https:\/\/www.francoisfelixroy.com\/#\/schema\/person\/fc98a2413ff00ce4317f0854aeece535","name":"francoisfelixroy","image":{"@type":"ImageObject","inLanguage":"en-CA","@id":"https:\/\/secure.gravatar.com\/avatar\/6fdf0ea179b60b84ac828225dd139c935898b0ab81eeff3d0920a6d89f922984?s=96&d=mm&r=g","url":"https:\/\/secure.gravatar.com\/avatar\/6fdf0ea179b60b84ac828225dd139c935898b0ab81eeff3d0920a6d89f922984?s=96&d=mm&r=g","contentUrl":"https:\/\/secure.gravatar.com\/avatar\/6fdf0ea179b60b84ac828225dd139c935898b0ab81eeff3d0920a6d89f922984?s=96&d=mm&r=g","caption":"francoisfelixroy"},"logo":{"@id":"https:\/\/secure.gravatar.com\/avatar\/6fdf0ea179b60b84ac828225dd139c935898b0ab81eeff3d0920a6d89f922984?s=96&d=mm&r=g"}}]}},"jetpack_sharing_enabled":true,"_links":{"self":[{"href":"https:\/\/www.francoisfelixroy.com\/en\/wp-json\/wp\/v2\/pages\/755","targetHints":{"allow":["GET"]}}],"collection":[{"href":"https:\/\/www.francoisfelixroy.com\/en\/wp-json\/wp\/v2\/pages"}],"about":[{"href":"https:\/\/www.francoisfelixroy.com\/en\/wp-json\/wp\/v2\/types\/page"}],"author":[{"embeddable":true,"href":"https:\/\/www.francoisfelixroy.com\/en\/wp-json\/wp\/v2\/users\/1"}],"replies":[{"embeddable":true,"href":"https:\/\/www.francoisfelixroy.com\/en\/wp-json\/wp\/v2\/comments?post=755"}],"version-history":[{"count":2,"href":"https:\/\/www.francoisfelixroy.com\/en\/wp-json\/wp\/v2\/pages\/755\/revisions"}],"predecessor-version":[{"id":765,"href":"https:\/\/www.francoisfelixroy.com\/en\/wp-json\/wp\/v2\/pages\/755\/revisions\/765"}],"wp:attachment":[{"href":"https:\/\/www.francoisfelixroy.com\/en\/wp-json\/wp\/v2\/media?parent=755"}],"curies":[{"name":"wp","href":"https:\/\/api.w.org\/{rel}","templated":true}]}}