{"id":592,"date":"2022-10-22T14:44:21","date_gmt":"2022-10-22T14:44:21","guid":{"rendered":"https:\/\/www.francoisfelixroy.com\/?page_id=592"},"modified":"2026-01-31T19:08:36","modified_gmt":"2026-01-31T19:08:36","slug":"concerts","status":"publish","type":"page","link":"https:\/\/www.francoisfelixroy.com\/en\/concerts\/","title":{"rendered":"Concerts"},"content":{"rendered":"<p class=\"has-text-align-center\" style=\"font-size:25px\"><strong><mark style=\"background-color:rgba(0, 0, 0, 0);color:#bf4101\" class=\"has-inline-color\">Upcoming<\/mark><\/strong><\/p>\n\n\n\n<p class=\"\"><mark style=\"background-color:rgba(0, 0, 0, 0);color:#bf4101\" class=\"has-inline-color\"><span style=\"text-decoration: underline;\">F\u00e9vrier<\/span><\/mark> :<\/p>\n\n\n\n<ul class=\"wp-block-list\">\n<li class=\"\">8 : <a href=\"https:\/\/www.adls.ca\/spectacles\/bigico\">Match d&#8217;impro de gigue \u00e0 Montmagny<\/a> <\/li>\n\n\n\n<li class=\"\">22 : Concert-atelier \u00e0 la biblioth\u00e8que de Sept-\u00celes (10h30)<\/li>\n<\/ul>\n\n\n\n<p class=\"\"><mark style=\"background-color:rgba(0, 0, 0, 0);color:#bf4101\" class=\"has-inline-color\"><span style=\"text-decoration: underline;\">March<\/span><\/mark> :<\/p>\n\n\n\n<ul class=\"wp-block-list\">\n<li class=\"\"><em>Grosse Isle Midwest March tour <\/em><\/li>\n\n\n\n<li class=\"\">17 : Cedar cultural center (Minneapolis, MN)<\/li>\n\n\n\n<li class=\"\">18 : Old Town WMW (Chicago, IL)<\/li>\n\n\n\n<li class=\"\">20 : Ten Pound Fiddle (Lansing, MI)<\/li>\n\n\n\n<li class=\"\">22 : Creative commons (Bishop Hill, IL)<\/li>\n\n\n\n<li class=\"\">23 : Creative commons (Bishop Hill, IL)<\/li>\n<\/ul>\n\n\n\n<p class=\"\"><mark style=\"background-color:rgba(0, 0, 0, 0);color:#bf4101\" class=\"has-inline-color\"><span style=\"text-decoration: underline;\">April<\/span><\/mark> :<\/p>\n\n\n\n<ul class=\"wp-block-list\">\n<li class=\"\">12 : Contra Montr\u00e9al<\/li>\n<\/ul>\n\n\n\n<p class=\"\"><mark style=\"background-color:rgba(0, 0, 0, 0);color:#bf4101\" class=\"has-inline-color\"><span style=\"text-decoration: underline;\">May<\/span><\/mark> :<\/p>\n\n\n\n<ul class=\"wp-block-list\">\n<li class=\"\">2 : House concert with Nicolas Babineau(Saranac, NY)<\/li>\n<\/ul>\n\n\n\n<p class=\"\"><mark style=\"background-color:rgba(0, 0, 0, 0);color:#bf4101\" class=\"has-inline-color\"><span style=\"text-decoration: underline;\">Juin<\/span><\/mark> :<\/p>\n\n\n\n<ul class=\"wp-block-list\">\n<li class=\"\">19 &#8211; 21 : TBA, Mtl<\/li>\n<\/ul>\n\n\n\n<p class=\"has-text-align-center\"><strong><mark style=\"background-color:rgba(0, 0, 0, 0);color:#bb3e00\" class=\"has-inline-color\">Concerts marquants (solo)<\/mark><\/strong><\/p>\n\n\n\n<p class=\"\">- Acoustic Night at the National Theater of Genoa<br><em>With Beppe Gambetta, Matteo Leone, Aysanabee<\/em><br>&#8211; Musik over Pr\u00e6st\u00f8 Fjord (Denmark) avec M\u00e9lina Mauger-Lavigne (c\u00e2ll, gigue)<br>&#8211; Festival Chant de Vielles, Saint-Antoine-sur-Richelieu<br>&#8211; <a href=\"https:\/\/festivaltradmontreal.ca\/\">Festival Trad Montr\u00e9al<\/a>, Montr\u00e9al<br>&#8211; <a href=\"https:\/\/www.memoireracines.org\/fr\" target=\"_blank\" rel=\"noreferrer noopener\">Festival M\u00e9moire et Racines<\/a>, Joliette (2021 &amp; 2022)<br>&#8211; Alliance Fran\u00e7aise de Philadelphie<br>&#8211; Prallsville Mills concerts avec Beppe Gambetta<br>&#8211; Vo\u00fbtes de la maison Chevalier, Qu\u00e9bec<br>&#8211; <a href=\"https:\/\/www.facebook.com\/LaboTRAD\" target=\"_blank\" rel=\"noreferrer noopener\">The Old Hairdresser&#8217;s<\/a>, Glasgow (\u00c9cosse)<br>&#8211; Le Petit Campus <em>avec \u00c9ric Beaudry<\/em>, Montr\u00e9al<br>&#8211; <a href=\"https:\/\/www.cibl1015.com\/grille\/l-affaire-est-dans-l-trad\/?fbclid=IwAR2R_fDb8YtkAXMaUTy61yMouCCCHT4ZRJWHkAqNv2E4aeVLD4BqZygjkkg\" target=\"_blank\" rel=\"noreferrer noopener\">Interview and live performance<\/a>, CIBL 101,5, Montr\u00e9al<br>&#8211; <a href=\"https:\/\/youngtraditionvermont.org\/\" target=\"_blank\" rel=\"noreferrer noopener\">Concert\/Workshop for Young Tradition Vermont<\/a>online<br>etc.<\/p>\n\n\n\n<p class=\"has-text-align-center\"><strong><mark style=\"background-color:rgba(0, 0, 0, 0);color:#bb3e00\" class=\"has-inline-color\">Concerts marquants (Grosse Isle)<\/mark><\/strong><\/p>\n\n\n\n<ul class=\"wp-block-list\">\n<li class=\"\">Irish American Heritage Museum, Albany NY<\/li>\n\n\n\n<li class=\"\">Blackstone River Theater, Cumberland RI<\/li>\n\n\n\n<li class=\"\">Old Songs festival<\/li>\n\n\n\n<li class=\"\">Festival La belle veill\u00e9e<\/li>\n\n\n\n<li class=\"\">Ville de Gatineau<\/li>\n\n\n\n<li class=\"\">etc.<\/li>\n<\/ul>\n\n\n\n<figure class=\"wp-block-image aligncenter size-large\"><img data-recalc-dims=\"1\" fetchpriority=\"high\" decoding=\"async\" width=\"700\" height=\"467\" src=\"https:\/\/i0.wp.com\/www.francoisfelixroy.com\/wp-content\/uploads\/2023\/06\/20230530-vnm-francois-felix-002web.jpg?resize=700%2C467&#038;ssl=1\" alt=\"\" class=\"wp-image-833\" srcset=\"https:\/\/i0.wp.com\/www.francoisfelixroy.com\/wp-content\/uploads\/2023\/06\/20230530-vnm-francois-felix-002web.jpg?resize=700%2C467&amp;ssl=1 700w, https:\/\/i0.wp.com\/www.francoisfelixroy.com\/wp-content\/uploads\/2023\/06\/20230530-vnm-francois-felix-002web.jpg?resize=768%2C512&amp;ssl=1 768w, https:\/\/i0.wp.com\/www.francoisfelixroy.com\/wp-content\/uploads\/2023\/06\/20230530-vnm-francois-felix-002web.jpg?resize=1536%2C1024&amp;ssl=1 1536w, https:\/\/i0.wp.com\/www.francoisfelixroy.com\/wp-content\/uploads\/2023\/06\/20230530-vnm-francois-felix-002web.jpg?resize=18%2C12&amp;ssl=1 18w, https:\/\/i0.wp.com\/www.francoisfelixroy.com\/wp-content\/uploads\/2023\/06\/20230530-vnm-francois-felix-002web.jpg?resize=1320%2C880&amp;ssl=1 1320w, https:\/\/i0.wp.com\/www.francoisfelixroy.com\/wp-content\/uploads\/2023\/06\/20230530-vnm-francois-felix-002web.jpg?resize=24%2C16&amp;ssl=1 24w, https:\/\/i0.wp.com\/www.francoisfelixroy.com\/wp-content\/uploads\/2023\/06\/20230530-vnm-francois-felix-002web.jpg?resize=36%2C24&amp;ssl=1 36w, https:\/\/i0.wp.com\/www.francoisfelixroy.com\/wp-content\/uploads\/2023\/06\/20230530-vnm-francois-felix-002web.jpg?resize=48%2C32&amp;ssl=1 48w, https:\/\/i0.wp.com\/www.francoisfelixroy.com\/wp-content\/uploads\/2023\/06\/20230530-vnm-francois-felix-002web.jpg?resize=600%2C400&amp;ssl=1 600w, https:\/\/i0.wp.com\/www.francoisfelixroy.com\/wp-content\/uploads\/2023\/06\/20230530-vnm-francois-felix-002web.jpg?w=2048&amp;ssl=1 2048w, https:\/\/i0.wp.com\/www.francoisfelixroy.com\/wp-content\/uploads\/2023\/06\/20230530-vnm-francois-felix-002web.jpg?w=1920&amp;ssl=1 1920w\" sizes=\"(max-width: 700px) 100vw, 700px\" \/><figcaption class=\"wp-element-caption\">Photo : Vitor Munhoz<\/figcaption><\/figure>\n\n\n\n<p class=\"\"><\/p>","protected":false},"excerpt":{"rendered":"<p>\u00c0 venir F\u00e9vrier : Mars : Avril : Mai : Juin : Concerts marquants (solo) &#8211; Acoustic Night au Th\u00e9\u00e2tre National de G\u00eanes (Italie)Avec Beppe Gambetta, Matteo Leone, Aysanabee&#8211; Musik over Pr\u00e6st\u00f8 Fjord (Denmark) avec<\/p>\n<div class=\"blog-buttons\"><a href=\"https:\/\/www.francoisfelixroy.com\/en\/concerts\/\" class=\"more-link\">Read more<\/a><\/div>","protected":false},"author":1,"featured_media":0,"parent":0,"menu_order":0,"comment_status":"closed","ping_status":"closed","template":"","meta":{"nf_dc_page":"","_monsterinsights_skip_tracking":false,"_monsterinsights_sitenote_active":false,"_monsterinsights_sitenote_note":"","_monsterinsights_sitenote_category":0,"cybocfi_hide_featured_image":"","footnotes":"[]"},"class_list":["post-592","page","type-page","status-publish","hentry"],"yoast_head":"<!-- This site is optimized with the Yoast SEO plugin v27.4 - https:\/\/yoast.com\/product\/yoast-seo-wordpress\/ -->\n<title>Concerts - Fran\u00e7ois-F\u00e9lix Roy<\/title>\n<meta name=\"description\" content=\"Liste des concerts de Fran\u00e7ois-F\u00e9lix Roy. Concerts \u00e0 venir et concerts pass\u00e9s.\" \/>\n<meta name=\"robots\" content=\"index, follow, max-snippet:-1, max-image-preview:large, max-video-preview:-1\" \/>\n<link rel=\"canonical\" href=\"https:\/\/www.francoisfelixroy.com\/en\/concerts\/\" \/>\n<meta property=\"og:locale\" content=\"en_US\" \/>\n<meta property=\"og:type\" content=\"article\" \/>\n<meta property=\"og:title\" content=\"Concerts - Fran\u00e7ois-F\u00e9lix Roy\" \/>\n<meta property=\"og:description\" content=\"Liste des concerts de Fran\u00e7ois-F\u00e9lix Roy. Concerts \u00e0 venir et concerts pass\u00e9s.\" \/>\n<meta property=\"og:url\" content=\"https:\/\/www.francoisfelixroy.com\/en\/concerts\/\" \/>\n<meta property=\"og:site_name\" content=\"Fran\u00e7ois-F\u00e9lix Roy\" \/>\n<meta property=\"article:modified_time\" content=\"2026-01-31T19:08:36+00:00\" \/>\n<meta property=\"og:image\" content=\"https:\/\/www.francoisfelixroy.com\/wp-content\/uploads\/2023\/06\/20230530-vnm-francois-felix-002web-700x467.jpg\" \/>\n<meta name=\"twitter:card\" content=\"summary_large_image\" \/>\n<meta name=\"twitter:label1\" content=\"Est. reading time\" \/>\n\t<meta name=\"twitter:data1\" content=\"2 minutes\" \/>\n<script type=\"application\/ld+json\" class=\"yoast-schema-graph\">{\"@context\":\"https:\\\/\\\/schema.org\",\"@graph\":[{\"@type\":\"WebPage\",\"@id\":\"https:\\\/\\\/www.francoisfelixroy.com\\\/concerts\\\/\",\"url\":\"https:\\\/\\\/www.francoisfelixroy.com\\\/concerts\\\/\",\"name\":\"Concerts - Fran\u00e7ois-F\u00e9lix Roy\",\"isPartOf\":{\"@id\":\"https:\\\/\\\/www.francoisfelixroy.com\\\/#website\"},\"primaryImageOfPage\":{\"@id\":\"https:\\\/\\\/www.francoisfelixroy.com\\\/concerts\\\/#primaryimage\"},\"image\":{\"@id\":\"https:\\\/\\\/www.francoisfelixroy.com\\\/concerts\\\/#primaryimage\"},\"thumbnailUrl\":\"https:\\\/\\\/www.francoisfelixroy.com\\\/wp-content\\\/uploads\\\/2023\\\/06\\\/20230530-vnm-francois-felix-002web-700x467.jpg\",\"datePublished\":\"2022-10-22T14:44:21+00:00\",\"dateModified\":\"2026-01-31T19:08:36+00:00\",\"description\":\"Liste des concerts de Fran\u00e7ois-F\u00e9lix Roy. Concerts \u00e0 venir et concerts pass\u00e9s.\",\"breadcrumb\":{\"@id\":\"https:\\\/\\\/www.francoisfelixroy.com\\\/concerts\\\/#breadcrumb\"},\"inLanguage\":\"en-CA\",\"potentialAction\":[{\"@type\":\"ReadAction\",\"target\":[\"https:\\\/\\\/www.francoisfelixroy.com\\\/concerts\\\/\"]}]},{\"@type\":\"ImageObject\",\"inLanguage\":\"en-CA\",\"@id\":\"https:\\\/\\\/www.francoisfelixroy.com\\\/concerts\\\/#primaryimage\",\"url\":\"https:\\\/\\\/www.francoisfelixroy.com\\\/wp-content\\\/uploads\\\/2023\\\/06\\\/20230530-vnm-francois-felix-002web-700x467.jpg\",\"contentUrl\":\"https:\\\/\\\/www.francoisfelixroy.com\\\/wp-content\\\/uploads\\\/2023\\\/06\\\/20230530-vnm-francois-felix-002web-700x467.jpg\"},{\"@type\":\"BreadcrumbList\",\"@id\":\"https:\\\/\\\/www.francoisfelixroy.com\\\/concerts\\\/#breadcrumb\",\"itemListElement\":[{\"@type\":\"ListItem\",\"position\":1,\"name\":\"Accueil\",\"item\":\"https:\\\/\\\/www.francoisfelixroy.com\\\/\"},{\"@type\":\"ListItem\",\"position\":2,\"name\":\"Concerts\"}]},{\"@type\":\"WebSite\",\"@id\":\"https:\\\/\\\/www.francoisfelixroy.com\\\/#website\",\"url\":\"https:\\\/\\\/www.francoisfelixroy.com\\\/\",\"name\":\"Fran\u00e7ois-F\u00e9lix Roy\",\"description\":\"\",\"publisher\":{\"@id\":\"https:\\\/\\\/www.francoisfelixroy.com\\\/#\\\/schema\\\/person\\\/fc98a2413ff00ce4317f0854aeece535\"},\"potentialAction\":[{\"@type\":\"SearchAction\",\"target\":{\"@type\":\"EntryPoint\",\"urlTemplate\":\"https:\\\/\\\/www.francoisfelixroy.com\\\/?s={search_term_string}\"},\"query-input\":{\"@type\":\"PropertyValueSpecification\",\"valueRequired\":true,\"valueName\":\"search_term_string\"}}],\"inLanguage\":\"en-CA\"},{\"@type\":[\"Person\",\"Organization\"],\"@id\":\"https:\\\/\\\/www.francoisfelixroy.com\\\/#\\\/schema\\\/person\\\/fc98a2413ff00ce4317f0854aeece535\",\"name\":\"francoisfelixroy\",\"image\":{\"@type\":\"ImageObject\",\"inLanguage\":\"en-CA\",\"@id\":\"https:\\\/\\\/secure.gravatar.com\\\/avatar\\\/6fdf0ea179b60b84ac828225dd139c935898b0ab81eeff3d0920a6d89f922984?s=96&d=mm&r=g\",\"url\":\"https:\\\/\\\/secure.gravatar.com\\\/avatar\\\/6fdf0ea179b60b84ac828225dd139c935898b0ab81eeff3d0920a6d89f922984?s=96&d=mm&r=g\",\"contentUrl\":\"https:\\\/\\\/secure.gravatar.com\\\/avatar\\\/6fdf0ea179b60b84ac828225dd139c935898b0ab81eeff3d0920a6d89f922984?s=96&d=mm&r=g\",\"caption\":\"francoisfelixroy\"},\"logo\":{\"@id\":\"https:\\\/\\\/secure.gravatar.com\\\/avatar\\\/6fdf0ea179b60b84ac828225dd139c935898b0ab81eeff3d0920a6d89f922984?s=96&d=mm&r=g\"}}]}<\/script>\n<!-- \/ Yoast SEO plugin. -->","yoast_head_json":{"title":"Concerts - Fran\u00e7ois-F\u00e9lix Roy","description":"Liste des concerts de Fran\u00e7ois-F\u00e9lix Roy. Concerts \u00e0 venir et concerts pass\u00e9s.","robots":{"index":"index","follow":"follow","max-snippet":"max-snippet:-1","max-image-preview":"max-image-preview:large","max-video-preview":"max-video-preview:-1"},"canonical":"https:\/\/www.francoisfelixroy.com\/en\/concerts\/","og_locale":"en_US","og_type":"article","og_title":"Concerts - Fran\u00e7ois-F\u00e9lix Roy","og_description":"Liste des concerts de Fran\u00e7ois-F\u00e9lix Roy. Concerts \u00e0 venir et concerts pass\u00e9s.","og_url":"https:\/\/www.francoisfelixroy.com\/en\/concerts\/","og_site_name":"Fran\u00e7ois-F\u00e9lix Roy","article_modified_time":"2026-01-31T19:08:36+00:00","og_image":[{"url":"https:\/\/www.francoisfelixroy.com\/wp-content\/uploads\/2023\/06\/20230530-vnm-francois-felix-002web-700x467.jpg","type":"","width":"","height":""}],"twitter_card":"summary_large_image","twitter_misc":{"Est. reading time":"2 minutes"},"schema":{"@context":"https:\/\/schema.org","@graph":[{"@type":"WebPage","@id":"https:\/\/www.francoisfelixroy.com\/concerts\/","url":"https:\/\/www.francoisfelixroy.com\/concerts\/","name":"Concerts - Fran\u00e7ois-F\u00e9lix Roy","isPartOf":{"@id":"https:\/\/www.francoisfelixroy.com\/#website"},"primaryImageOfPage":{"@id":"https:\/\/www.francoisfelixroy.com\/concerts\/#primaryimage"},"image":{"@id":"https:\/\/www.francoisfelixroy.com\/concerts\/#primaryimage"},"thumbnailUrl":"https:\/\/www.francoisfelixroy.com\/wp-content\/uploads\/2023\/06\/20230530-vnm-francois-felix-002web-700x467.jpg","datePublished":"2022-10-22T14:44:21+00:00","dateModified":"2026-01-31T19:08:36+00:00","description":"Liste des concerts de Fran\u00e7ois-F\u00e9lix Roy. Concerts \u00e0 venir et concerts pass\u00e9s.","breadcrumb":{"@id":"https:\/\/www.francoisfelixroy.com\/concerts\/#breadcrumb"},"inLanguage":"en-CA","potentialAction":[{"@type":"ReadAction","target":["https:\/\/www.francoisfelixroy.com\/concerts\/"]}]},{"@type":"ImageObject","inLanguage":"en-CA","@id":"https:\/\/www.francoisfelixroy.com\/concerts\/#primaryimage","url":"https:\/\/www.francoisfelixroy.com\/wp-content\/uploads\/2023\/06\/20230530-vnm-francois-felix-002web-700x467.jpg","contentUrl":"https:\/\/www.francoisfelixroy.com\/wp-content\/uploads\/2023\/06\/20230530-vnm-francois-felix-002web-700x467.jpg"},{"@type":"BreadcrumbList","@id":"https:\/\/www.francoisfelixroy.com\/concerts\/#breadcrumb","itemListElement":[{"@type":"ListItem","position":1,"name":"Accueil","item":"https:\/\/www.francoisfelixroy.com\/"},{"@type":"ListItem","position":2,"name":"Concerts"}]},{"@type":"WebSite","@id":"https:\/\/www.francoisfelixroy.com\/#website","url":"https:\/\/www.francoisfelixroy.com\/","name":"Fran\u00e7ois-F\u00e9lix Roy","description":"","publisher":{"@id":"https:\/\/www.francoisfelixroy.com\/#\/schema\/person\/fc98a2413ff00ce4317f0854aeece535"},"potentialAction":[{"@type":"SearchAction","target":{"@type":"EntryPoint","urlTemplate":"https:\/\/www.francoisfelixroy.com\/?s={search_term_string}"},"query-input":{"@type":"PropertyValueSpecification","valueRequired":true,"valueName":"search_term_string"}}],"inLanguage":"en-CA"},{"@type":["Person","Organization"],"@id":"https:\/\/www.francoisfelixroy.com\/#\/schema\/person\/fc98a2413ff00ce4317f0854aeece535","name":"francoisfelixroy","image":{"@type":"ImageObject","inLanguage":"en-CA","@id":"https:\/\/secure.gravatar.com\/avatar\/6fdf0ea179b60b84ac828225dd139c935898b0ab81eeff3d0920a6d89f922984?s=96&d=mm&r=g","url":"https:\/\/secure.gravatar.com\/avatar\/6fdf0ea179b60b84ac828225dd139c935898b0ab81eeff3d0920a6d89f922984?s=96&d=mm&r=g","contentUrl":"https:\/\/secure.gravatar.com\/avatar\/6fdf0ea179b60b84ac828225dd139c935898b0ab81eeff3d0920a6d89f922984?s=96&d=mm&r=g","caption":"francoisfelixroy"},"logo":{"@id":"https:\/\/secure.gravatar.com\/avatar\/6fdf0ea179b60b84ac828225dd139c935898b0ab81eeff3d0920a6d89f922984?s=96&d=mm&r=g"}}]}},"jetpack_sharing_enabled":true,"_links":{"self":[{"href":"https:\/\/www.francoisfelixroy.com\/en\/wp-json\/wp\/v2\/pages\/592","targetHints":{"allow":["GET"]}}],"collection":[{"href":"https:\/\/www.francoisfelixroy.com\/en\/wp-json\/wp\/v2\/pages"}],"about":[{"href":"https:\/\/www.francoisfelixroy.com\/en\/wp-json\/wp\/v2\/types\/page"}],"author":[{"embeddable":true,"href":"https:\/\/www.francoisfelixroy.com\/en\/wp-json\/wp\/v2\/users\/1"}],"replies":[{"embeddable":true,"href":"https:\/\/www.francoisfelixroy.com\/en\/wp-json\/wp\/v2\/comments?post=592"}],"version-history":[{"count":4,"href":"https:\/\/www.francoisfelixroy.com\/en\/wp-json\/wp\/v2\/pages\/592\/revisions"}],"predecessor-version":[{"id":1037,"href":"https:\/\/www.francoisfelixroy.com\/en\/wp-json\/wp\/v2\/pages\/592\/revisions\/1037"}],"wp:attachment":[{"href":"https:\/\/www.francoisfelixroy.com\/en\/wp-json\/wp\/v2\/media?parent=592"}],"curies":[{"name":"wp","href":"https:\/\/api.w.org\/{rel}","templated":true}]}}