{"id":363,"date":"2021-06-22T01:18:02","date_gmt":"2021-06-22T01:18:02","guid":{"rendered":"https:\/\/www.francoisfelixroy.com\/?page_id=363"},"modified":"2024-07-09T14:42:19","modified_gmt":"2024-07-09T14:42:19","slug":"contact","status":"publish","type":"page","link":"https:\/\/www.francoisfelixroy.com\/en\/contact\/","title":{"rendered":"Contact"},"content":{"rendered":"\n<p class=\"\">Vous \u00eates int\u00e9ress\u00e9 par mon travail, ou vous cherchez un accompagnateur ou un soliste pour vos projets musicaux? N&#8217;h\u00e9sitez pas \u00e0 entrer en contact avec moi via le formulaire ci-dessous ou <a href=\"https:\/\/www.facebook.com\/francoisfelixroytrad\/\">ma page Facebook<\/a> ou <a href=\"https:\/\/www.instagram.com\/francoisfelixroy\/\" target=\"_blank\" rel=\"noreferrer noopener\">Instagram<\/a>. Sentez-vous \u00e0 l&#8217;aise de me contacter en <strong>Fran\u00e7ais\/Anglais\/Espagnol<\/strong>.<br><br>francoisfelixroy@gmail.com<br><strong>Veuillez noter mon nouveau num\u00e9ro de t\u00e9l\u00e9phone<\/strong>\u00a0:<br>T\u00e9l. : 438 407-2817<\/p>\n\n\n\n<p class=\"\"><strong>Formulaire de contact <\/strong><\/p>\n\n\n<div class=\"wpforms-container wpforms-container-full wpforms-block wpforms-block-fa70caa9-f546-4d7f-b0a1-47befef31bf4\" id=\"wpforms-405\"><form id=\"wpforms-form-405\" class=\"wpforms-validate wpforms-form\" data-formid=\"405\" method=\"post\" enctype=\"multipart\/form-data\" action=\"\/en\/wp-json\/wp\/v2\/pages\/363\" data-token=\"bb142b711261232cf5db820f91b14da9\" data-token-time=\"1776960211\"><noscript class=\"wpforms-error-noscript\">Please enable JavaScript in your browser to complete this form.<\/noscript><div class=\"wpforms-field-container\"><div id=\"wpforms-405-field_0-container\" class=\"wpforms-field wpforms-field-name\" data-field-id=\"0\"><label class=\"wpforms-field-label\" for=\"wpforms-405-field_0\">Nom <span class=\"wpforms-required-label\">*<\/span><\/label><input type=\"text\" id=\"wpforms-405-field_0\" class=\"wpforms-field-medium wpforms-field-required\" name=\"wpforms[fields][0]\" required><\/div><div id=\"wpforms-405-field_1-container\" class=\"wpforms-field wpforms-field-email\" data-field-id=\"1\"><label class=\"wpforms-field-label\" for=\"wpforms-405-field_1\">Courriel\/Email <span class=\"wpforms-required-label\">*<\/span><\/label><input type=\"email\" id=\"wpforms-405-field_1\" class=\"wpforms-field-medium wpforms-field-required\" name=\"wpforms[fields][1]\" spellcheck=\"false\" required><\/div><div id=\"wpforms-405-field_2-container\" class=\"wpforms-field wpforms-field-textarea\" data-field-id=\"2\"><label class=\"wpforms-field-label\" for=\"wpforms-405-field_2\">Message <span class=\"wpforms-required-label\">*<\/span><\/label><textarea id=\"wpforms-405-field_2\" class=\"wpforms-field-medium wpforms-field-required\" name=\"wpforms[fields][2]\" required><\/textarea><\/div><\/div><!-- .wpforms-field-container --><div class=\"wpforms-submit-container\" ><input type=\"hidden\" name=\"wpforms[id]\" value=\"405\"><input type=\"hidden\" name=\"page_title\" value=\"\"><input type=\"hidden\" name=\"page_url\" value=\"https:\/\/www.francoisfelixroy.com\/en\/wp-json\/wp\/v2\/pages\/363\"><input type=\"hidden\" name=\"url_referer\" value=\"\"><button type=\"submit\" name=\"wpforms[submit]\" id=\"wpforms-submit-405\" class=\"wpforms-submit\" data-alt-text=\"Envoi en cours...\" data-submit-text=\"Envoyer\" aria-live=\"assertive\" value=\"wpforms-submit\">Envoyer<\/button><\/div><\/form><\/div>  <!-- .wpforms-container -->\n\n\n<figure class=\"wp-block-image aligncenter size-large\"><img data-recalc-dims=\"1\" fetchpriority=\"high\" decoding=\"async\" width=\"700\" height=\"467\" src=\"https:\/\/i0.wp.com\/www.francoisfelixroy.com\/wp-content\/uploads\/2023\/06\/20230530-vnm-francois-felix-036web.jpg?resize=700%2C467&#038;ssl=1\" alt=\"\" class=\"wp-image-836\" srcset=\"https:\/\/i0.wp.com\/www.francoisfelixroy.com\/wp-content\/uploads\/2023\/06\/20230530-vnm-francois-felix-036web.jpg?resize=700%2C467&amp;ssl=1 700w, https:\/\/i0.wp.com\/www.francoisfelixroy.com\/wp-content\/uploads\/2023\/06\/20230530-vnm-francois-felix-036web.jpg?resize=768%2C512&amp;ssl=1 768w, https:\/\/i0.wp.com\/www.francoisfelixroy.com\/wp-content\/uploads\/2023\/06\/20230530-vnm-francois-felix-036web.jpg?resize=1536%2C1024&amp;ssl=1 1536w, https:\/\/i0.wp.com\/www.francoisfelixroy.com\/wp-content\/uploads\/2023\/06\/20230530-vnm-francois-felix-036web.jpg?resize=18%2C12&amp;ssl=1 18w, https:\/\/i0.wp.com\/www.francoisfelixroy.com\/wp-content\/uploads\/2023\/06\/20230530-vnm-francois-felix-036web.jpg?resize=1320%2C880&amp;ssl=1 1320w, https:\/\/i0.wp.com\/www.francoisfelixroy.com\/wp-content\/uploads\/2023\/06\/20230530-vnm-francois-felix-036web.jpg?resize=24%2C16&amp;ssl=1 24w, https:\/\/i0.wp.com\/www.francoisfelixroy.com\/wp-content\/uploads\/2023\/06\/20230530-vnm-francois-felix-036web.jpg?resize=36%2C24&amp;ssl=1 36w, https:\/\/i0.wp.com\/www.francoisfelixroy.com\/wp-content\/uploads\/2023\/06\/20230530-vnm-francois-felix-036web.jpg?resize=48%2C32&amp;ssl=1 48w, https:\/\/i0.wp.com\/www.francoisfelixroy.com\/wp-content\/uploads\/2023\/06\/20230530-vnm-francois-felix-036web.jpg?resize=600%2C400&amp;ssl=1 600w, https:\/\/i0.wp.com\/www.francoisfelixroy.com\/wp-content\/uploads\/2023\/06\/20230530-vnm-francois-felix-036web.jpg?w=2048&amp;ssl=1 2048w, https:\/\/i0.wp.com\/www.francoisfelixroy.com\/wp-content\/uploads\/2023\/06\/20230530-vnm-francois-felix-036web.jpg?w=1920&amp;ssl=1 1920w\" sizes=\"(max-width: 700px) 100vw, 700px\" \/><figcaption class=\"wp-element-caption\">Photo : Vitor Munhoz<\/figcaption><\/figure>\n\n\n\n<p class=\"\"><\/p>\n","protected":false},"excerpt":{"rendered":"<p>Vous \u00eates int\u00e9ress\u00e9 par mon travail, ou vous cherchez un accompagnateur ou un soliste pour vos projets musicaux? N&#8217;h\u00e9sitez pas \u00e0 entrer en contact avec moi via le formulaire ci-dessous ou ma page Facebook ou<\/p>\n<div class=\"blog-buttons\"><a href=\"https:\/\/www.francoisfelixroy.com\/en\/contact\/\" class=\"more-link\">Read more<\/a><\/div>","protected":false},"author":1,"featured_media":0,"parent":0,"menu_order":0,"comment_status":"closed","ping_status":"closed","template":"","meta":{"nf_dc_page":"","_monsterinsights_skip_tracking":false,"_monsterinsights_sitenote_active":false,"_monsterinsights_sitenote_note":"","_monsterinsights_sitenote_category":0,"cybocfi_hide_featured_image":"","footnotes":""},"class_list":["post-363","page","type-page","status-publish","hentry"],"yoast_head":"<!-- This site is optimized with the Yoast SEO plugin v27.4 - https:\/\/yoast.com\/product\/yoast-seo-wordpress\/ -->\n<title>Contact - Fran\u00e7ois-F\u00e9lix Roy<\/title>\n<meta name=\"description\" content=\"Contactez Fran\u00e7ois-F\u00e9lix Roy par courriel, facebook ou autre pour des information suppl\u00e9mentaire ou pour tout projet musical.\" \/>\n<meta name=\"robots\" content=\"index, follow, max-snippet:-1, max-image-preview:large, max-video-preview:-1\" \/>\n<link rel=\"canonical\" href=\"https:\/\/www.francoisfelixroy.com\/en\/contact\/\" \/>\n<meta property=\"og:locale\" content=\"en_US\" \/>\n<meta property=\"og:type\" content=\"article\" \/>\n<meta property=\"og:title\" content=\"Contact - Fran\u00e7ois-F\u00e9lix Roy\" \/>\n<meta property=\"og:description\" content=\"Contactez Fran\u00e7ois-F\u00e9lix Roy par courriel, facebook ou autre pour des information suppl\u00e9mentaire ou pour tout projet musical.\" \/>\n<meta property=\"og:url\" content=\"https:\/\/www.francoisfelixroy.com\/en\/contact\/\" \/>\n<meta property=\"og:site_name\" content=\"Fran\u00e7ois-F\u00e9lix Roy\" \/>\n<meta property=\"article:modified_time\" content=\"2024-07-09T14:42:19+00:00\" \/>\n<meta property=\"og:image\" content=\"https:\/\/www.francoisfelixroy.com\/wp-content\/uploads\/2023\/06\/20230530-vnm-francois-felix-036web-700x467.jpg\" \/>\n<meta name=\"twitter:card\" content=\"summary_large_image\" \/>\n<meta name=\"twitter:label1\" content=\"Est. reading time\" \/>\n\t<meta name=\"twitter:data1\" content=\"1 minute\" \/>\n<script type=\"application\/ld+json\" class=\"yoast-schema-graph\">{\"@context\":\"https:\\\/\\\/schema.org\",\"@graph\":[{\"@type\":\"WebPage\",\"@id\":\"https:\\\/\\\/www.francoisfelixroy.com\\\/contact\\\/\",\"url\":\"https:\\\/\\\/www.francoisfelixroy.com\\\/contact\\\/\",\"name\":\"Contact - Fran\u00e7ois-F\u00e9lix Roy\",\"isPartOf\":{\"@id\":\"https:\\\/\\\/www.francoisfelixroy.com\\\/#website\"},\"primaryImageOfPage\":{\"@id\":\"https:\\\/\\\/www.francoisfelixroy.com\\\/contact\\\/#primaryimage\"},\"image\":{\"@id\":\"https:\\\/\\\/www.francoisfelixroy.com\\\/contact\\\/#primaryimage\"},\"thumbnailUrl\":\"https:\\\/\\\/www.francoisfelixroy.com\\\/wp-content\\\/uploads\\\/2023\\\/06\\\/20230530-vnm-francois-felix-036web-700x467.jpg\",\"datePublished\":\"2021-06-22T01:18:02+00:00\",\"dateModified\":\"2024-07-09T14:42:19+00:00\",\"description\":\"Contactez Fran\u00e7ois-F\u00e9lix Roy par courriel, facebook ou autre pour des information suppl\u00e9mentaire ou pour tout projet musical.\",\"breadcrumb\":{\"@id\":\"https:\\\/\\\/www.francoisfelixroy.com\\\/contact\\\/#breadcrumb\"},\"inLanguage\":\"en-CA\",\"potentialAction\":[{\"@type\":\"ReadAction\",\"target\":[\"https:\\\/\\\/www.francoisfelixroy.com\\\/contact\\\/\"]}]},{\"@type\":\"ImageObject\",\"inLanguage\":\"en-CA\",\"@id\":\"https:\\\/\\\/www.francoisfelixroy.com\\\/contact\\\/#primaryimage\",\"url\":\"https:\\\/\\\/www.francoisfelixroy.com\\\/wp-content\\\/uploads\\\/2023\\\/06\\\/20230530-vnm-francois-felix-036web-700x467.jpg\",\"contentUrl\":\"https:\\\/\\\/www.francoisfelixroy.com\\\/wp-content\\\/uploads\\\/2023\\\/06\\\/20230530-vnm-francois-felix-036web-700x467.jpg\"},{\"@type\":\"BreadcrumbList\",\"@id\":\"https:\\\/\\\/www.francoisfelixroy.com\\\/contact\\\/#breadcrumb\",\"itemListElement\":[{\"@type\":\"ListItem\",\"position\":1,\"name\":\"Accueil\",\"item\":\"https:\\\/\\\/www.francoisfelixroy.com\\\/\"},{\"@type\":\"ListItem\",\"position\":2,\"name\":\"Contact\"}]},{\"@type\":\"WebSite\",\"@id\":\"https:\\\/\\\/www.francoisfelixroy.com\\\/#website\",\"url\":\"https:\\\/\\\/www.francoisfelixroy.com\\\/\",\"name\":\"Fran\u00e7ois-F\u00e9lix Roy\",\"description\":\"\",\"publisher\":{\"@id\":\"https:\\\/\\\/www.francoisfelixroy.com\\\/#\\\/schema\\\/person\\\/fc98a2413ff00ce4317f0854aeece535\"},\"potentialAction\":[{\"@type\":\"SearchAction\",\"target\":{\"@type\":\"EntryPoint\",\"urlTemplate\":\"https:\\\/\\\/www.francoisfelixroy.com\\\/?s={search_term_string}\"},\"query-input\":{\"@type\":\"PropertyValueSpecification\",\"valueRequired\":true,\"valueName\":\"search_term_string\"}}],\"inLanguage\":\"en-CA\"},{\"@type\":[\"Person\",\"Organization\"],\"@id\":\"https:\\\/\\\/www.francoisfelixroy.com\\\/#\\\/schema\\\/person\\\/fc98a2413ff00ce4317f0854aeece535\",\"name\":\"francoisfelixroy\",\"image\":{\"@type\":\"ImageObject\",\"inLanguage\":\"en-CA\",\"@id\":\"https:\\\/\\\/secure.gravatar.com\\\/avatar\\\/6fdf0ea179b60b84ac828225dd139c935898b0ab81eeff3d0920a6d89f922984?s=96&d=mm&r=g\",\"url\":\"https:\\\/\\\/secure.gravatar.com\\\/avatar\\\/6fdf0ea179b60b84ac828225dd139c935898b0ab81eeff3d0920a6d89f922984?s=96&d=mm&r=g\",\"contentUrl\":\"https:\\\/\\\/secure.gravatar.com\\\/avatar\\\/6fdf0ea179b60b84ac828225dd139c935898b0ab81eeff3d0920a6d89f922984?s=96&d=mm&r=g\",\"caption\":\"francoisfelixroy\"},\"logo\":{\"@id\":\"https:\\\/\\\/secure.gravatar.com\\\/avatar\\\/6fdf0ea179b60b84ac828225dd139c935898b0ab81eeff3d0920a6d89f922984?s=96&d=mm&r=g\"}}]}<\/script>\n<!-- \/ Yoast SEO plugin. -->","yoast_head_json":{"title":"Contact - Fran\u00e7ois-F\u00e9lix Roy","description":"Contactez Fran\u00e7ois-F\u00e9lix Roy par courriel, facebook ou autre pour des information suppl\u00e9mentaire ou pour tout projet musical.","robots":{"index":"index","follow":"follow","max-snippet":"max-snippet:-1","max-image-preview":"max-image-preview:large","max-video-preview":"max-video-preview:-1"},"canonical":"https:\/\/www.francoisfelixroy.com\/en\/contact\/","og_locale":"en_US","og_type":"article","og_title":"Contact - Fran\u00e7ois-F\u00e9lix Roy","og_description":"Contactez Fran\u00e7ois-F\u00e9lix Roy par courriel, facebook ou autre pour des information suppl\u00e9mentaire ou pour tout projet musical.","og_url":"https:\/\/www.francoisfelixroy.com\/en\/contact\/","og_site_name":"Fran\u00e7ois-F\u00e9lix Roy","article_modified_time":"2024-07-09T14:42:19+00:00","og_image":[{"url":"https:\/\/www.francoisfelixroy.com\/wp-content\/uploads\/2023\/06\/20230530-vnm-francois-felix-036web-700x467.jpg","type":"","width":"","height":""}],"twitter_card":"summary_large_image","twitter_misc":{"Est. reading time":"1 minute"},"schema":{"@context":"https:\/\/schema.org","@graph":[{"@type":"WebPage","@id":"https:\/\/www.francoisfelixroy.com\/contact\/","url":"https:\/\/www.francoisfelixroy.com\/contact\/","name":"Contact - Fran\u00e7ois-F\u00e9lix Roy","isPartOf":{"@id":"https:\/\/www.francoisfelixroy.com\/#website"},"primaryImageOfPage":{"@id":"https:\/\/www.francoisfelixroy.com\/contact\/#primaryimage"},"image":{"@id":"https:\/\/www.francoisfelixroy.com\/contact\/#primaryimage"},"thumbnailUrl":"https:\/\/www.francoisfelixroy.com\/wp-content\/uploads\/2023\/06\/20230530-vnm-francois-felix-036web-700x467.jpg","datePublished":"2021-06-22T01:18:02+00:00","dateModified":"2024-07-09T14:42:19+00:00","description":"Contactez Fran\u00e7ois-F\u00e9lix Roy par courriel, facebook ou autre pour des information suppl\u00e9mentaire ou pour tout projet musical.","breadcrumb":{"@id":"https:\/\/www.francoisfelixroy.com\/contact\/#breadcrumb"},"inLanguage":"en-CA","potentialAction":[{"@type":"ReadAction","target":["https:\/\/www.francoisfelixroy.com\/contact\/"]}]},{"@type":"ImageObject","inLanguage":"en-CA","@id":"https:\/\/www.francoisfelixroy.com\/contact\/#primaryimage","url":"https:\/\/www.francoisfelixroy.com\/wp-content\/uploads\/2023\/06\/20230530-vnm-francois-felix-036web-700x467.jpg","contentUrl":"https:\/\/www.francoisfelixroy.com\/wp-content\/uploads\/2023\/06\/20230530-vnm-francois-felix-036web-700x467.jpg"},{"@type":"BreadcrumbList","@id":"https:\/\/www.francoisfelixroy.com\/contact\/#breadcrumb","itemListElement":[{"@type":"ListItem","position":1,"name":"Accueil","item":"https:\/\/www.francoisfelixroy.com\/"},{"@type":"ListItem","position":2,"name":"Contact"}]},{"@type":"WebSite","@id":"https:\/\/www.francoisfelixroy.com\/#website","url":"https:\/\/www.francoisfelixroy.com\/","name":"Fran\u00e7ois-F\u00e9lix Roy","description":"","publisher":{"@id":"https:\/\/www.francoisfelixroy.com\/#\/schema\/person\/fc98a2413ff00ce4317f0854aeece535"},"potentialAction":[{"@type":"SearchAction","target":{"@type":"EntryPoint","urlTemplate":"https:\/\/www.francoisfelixroy.com\/?s={search_term_string}"},"query-input":{"@type":"PropertyValueSpecification","valueRequired":true,"valueName":"search_term_string"}}],"inLanguage":"en-CA"},{"@type":["Person","Organization"],"@id":"https:\/\/www.francoisfelixroy.com\/#\/schema\/person\/fc98a2413ff00ce4317f0854aeece535","name":"francoisfelixroy","image":{"@type":"ImageObject","inLanguage":"en-CA","@id":"https:\/\/secure.gravatar.com\/avatar\/6fdf0ea179b60b84ac828225dd139c935898b0ab81eeff3d0920a6d89f922984?s=96&d=mm&r=g","url":"https:\/\/secure.gravatar.com\/avatar\/6fdf0ea179b60b84ac828225dd139c935898b0ab81eeff3d0920a6d89f922984?s=96&d=mm&r=g","contentUrl":"https:\/\/secure.gravatar.com\/avatar\/6fdf0ea179b60b84ac828225dd139c935898b0ab81eeff3d0920a6d89f922984?s=96&d=mm&r=g","caption":"francoisfelixroy"},"logo":{"@id":"https:\/\/secure.gravatar.com\/avatar\/6fdf0ea179b60b84ac828225dd139c935898b0ab81eeff3d0920a6d89f922984?s=96&d=mm&r=g"}}]}},"jetpack_sharing_enabled":true,"_links":{"self":[{"href":"https:\/\/www.francoisfelixroy.com\/en\/wp-json\/wp\/v2\/pages\/363","targetHints":{"allow":["GET"]}}],"collection":[{"href":"https:\/\/www.francoisfelixroy.com\/en\/wp-json\/wp\/v2\/pages"}],"about":[{"href":"https:\/\/www.francoisfelixroy.com\/en\/wp-json\/wp\/v2\/types\/page"}],"author":[{"embeddable":true,"href":"https:\/\/www.francoisfelixroy.com\/en\/wp-json\/wp\/v2\/users\/1"}],"replies":[{"embeddable":true,"href":"https:\/\/www.francoisfelixroy.com\/en\/wp-json\/wp\/v2\/comments?post=363"}],"version-history":[{"count":5,"href":"https:\/\/www.francoisfelixroy.com\/en\/wp-json\/wp\/v2\/pages\/363\/revisions"}],"predecessor-version":[{"id":973,"href":"https:\/\/www.francoisfelixroy.com\/en\/wp-json\/wp\/v2\/pages\/363\/revisions\/973"}],"wp:attachment":[{"href":"https:\/\/www.francoisfelixroy.com\/en\/wp-json\/wp\/v2\/media?parent=363"}],"curies":[{"name":"wp","href":"https:\/\/api.w.org\/{rel}","templated":true}]}}