{"id":119,"date":"2021-02-26T16:22:58","date_gmt":"2021-02-26T16:22:58","guid":{"rendered":"https:\/\/hvp.xgx.mybluehost.me\/?page_id=119"},"modified":"2023-09-04T13:57:19","modified_gmt":"2023-09-04T13:57:19","slug":"musique","status":"publish","type":"page","link":"https:\/\/www.francoisfelixroy.com\/en\/musique\/","title":{"rendered":"Music"},"content":{"rendered":"<div data-elementor-type=\"wp-page\" data-elementor-id=\"119\" class=\"elementor elementor-119\">\n\t\t\t\t\t\t<section class=\"elementor-section elementor-top-section elementor-element elementor-element-5d5ec60 elementor-section-boxed elementor-section-height-default elementor-section-height-default\" data-id=\"5d5ec60\" data-element_type=\"section\" data-e-type=\"section\">\n\t\t\t\t\t\t<div class=\"elementor-container elementor-column-gap-default\">\n\t\t\t\t\t\t<\/div>\n\t\t<\/section>\n\t\t\t\t<section class=\"elementor-section elementor-top-section elementor-element elementor-element-57d88e0 elementor-section-boxed elementor-section-height-default elementor-section-height-default\" data-id=\"57d88e0\" data-element_type=\"section\" data-e-type=\"section\">\n\t\t\t\t\t\t<div class=\"elementor-container elementor-column-gap-default\">\n\t\t\t\t\t\t<\/div>\n\t\t<\/section>\n\t\t\t\t<section class=\"elementor-section elementor-top-section elementor-element elementor-element-0f1c512 elementor-section-boxed elementor-section-height-default elementor-section-height-default\" data-id=\"0f1c512\" data-element_type=\"section\" data-e-type=\"section\">\n\t\t\t\t\t\t<div class=\"elementor-container elementor-column-gap-default\">\n\t\t\t\t\t\t<\/div>\n\t\t<\/section>\n\t\t\t\t<section class=\"elementor-section elementor-top-section elementor-element elementor-element-c6a0c79 elementor-section-boxed elementor-section-height-default elementor-section-height-default\" data-id=\"c6a0c79\" data-element_type=\"section\" data-e-type=\"section\">\n\t\t\t\t\t\t<div class=\"elementor-container elementor-column-gap-default\">\n\t\t\t\t\t\t<\/div>\n\t\t<\/section>\n\t\t\t\t<section class=\"elementor-section elementor-top-section elementor-element elementor-element-d451a48 elementor-section-boxed elementor-section-height-default elementor-section-height-default\" data-id=\"d451a48\" data-element_type=\"section\" data-e-type=\"section\">\n\t\t\t\t\t\t<div class=\"elementor-container elementor-column-gap-default\">\n\t\t\t\t\t\t<\/div>\n\t\t<\/section>\n\t\t\t\t<section class=\"elementor-section elementor-top-section elementor-element elementor-element-e7298c6 elementor-section-boxed elementor-section-height-default elementor-section-height-default\" data-id=\"e7298c6\" data-element_type=\"section\" data-e-type=\"section\">\n\t\t\t\t\t\t<div class=\"elementor-container elementor-column-gap-default\">\n\t\t\t\t\t<div class=\"elementor-column elementor-col-100 elementor-top-column elementor-element elementor-element-c9901b2\" data-id=\"c9901b2\" data-element_type=\"column\" data-e-type=\"column\">\n\t\t\t<div class=\"elementor-widget-wrap elementor-element-populated\">\n\t\t\t\t\t\t<div class=\"elementor-element elementor-element-e23f00e elementor-widget__width-initial elementor-widget-mobile__width-initial elementor-widget elementor-widget-text-editor\" data-id=\"e23f00e\" data-element_type=\"widget\" data-e-type=\"widget\" data-widget_type=\"text-editor.default\">\n\t\t\t\t<div class=\"elementor-widget-container\">\n\t\t\t\t\t\t\t\t\t<p class=\"translation-block\"><strong>My debut album, <em>Peines perdues,<\/em>, is now available on every streaming service!<\/strong><\/p><p><span style=\"font-size: 14pt;\"><a href=\"https:\/\/ffm.to\/6avjgpb\" target=\"_blank\" rel=\"noreferrer noopener\">Listen<\/a> or <a href=\"https:\/\/francoisfelixroy.bandcamp.com\/album\/peines-perdues\" target=\"_blank\" rel=\"noreferrer noopener\">buy through Bandcamp<\/a><\/span><\/p><p><span style=\"font-size: 14pt; font-style: normal; font-weight: bold; background-color: #ffffff;\"><a href=\"https:\/\/www.francoisfelixroy.com\/wp-content\/uploads\/2023\/05\/Livret-Peines-perdues-Francois-Felix-Roy.pdf\">Download the booklet<\/a><\/span><\/p><p>\u00a0<\/p><p class=\"translation-block\">You can also watch the videoclips of <em>Galant, tu perds ton temps <\/em>et de\u00a0la <em>Suite de la cardeuse <\/em>down below<em>:<\/em><\/p>\t\t\t\t\t\t\t\t<\/div>\n\t\t\t\t<\/div>\n\t\t\t\t<div class=\"elementor-element elementor-element-91c1c56 elementor-widget__width-initial elementor-widget-mobile__width-initial elementor-widget elementor-widget-html\" data-id=\"91c1c56\" data-element_type=\"widget\" data-e-type=\"widget\" data-widget_type=\"html.default\">\n\t\t\t\t<div class=\"elementor-widget-container\">\n\t\t\t\t\t<iframe style=\"border: 0; width: 350px; height: 680px;\" data-src=\"https:\/\/bandcamp.com\/EmbeddedPlayer\/album=3578900294\/size=large\/bgcol=ffffff\/linkcol=0687f5\/transparent=true\/\" seamless src=\"data:image\/svg+xml;base64,PHN2ZyB3aWR0aD0iMSIgaGVpZ2h0PSIxIiB4bWxucz0iaHR0cDovL3d3dy53My5vcmcvMjAwMC9zdmciPjwvc3ZnPg==\" class=\"lazyload\" data-load-mode=\"1\"><a href=\"https:\/\/francoisfelixroy.bandcamp.com\/album\/peines-perdues\">Peines perdues by Fran\u00e7ois-F\u00e9lix Roy<\/a><\/iframe>\t\t\t\t<\/div>\n\t\t\t\t<\/div>\n\t\t\t\t\t<\/div>\n\t\t<\/div>\n\t\t\t\t\t<\/div>\n\t\t<\/section>\n\t\t\t\t<section class=\"elementor-section elementor-top-section elementor-element elementor-element-62602c6 elementor-section-boxed elementor-section-height-default elementor-section-height-default\" data-id=\"62602c6\" data-element_type=\"section\" data-e-type=\"section\">\n\t\t\t\t\t\t<div class=\"elementor-container elementor-column-gap-default\">\n\t\t\t\t\t<div class=\"elementor-column elementor-col-100 elementor-top-column elementor-element elementor-element-6daa057\" data-id=\"6daa057\" data-element_type=\"column\" data-e-type=\"column\">\n\t\t\t<div class=\"elementor-widget-wrap\">\n\t\t\t\t\t\t\t<\/div>\n\t\t<\/div>\n\t\t\t\t\t<\/div>\n\t\t<\/section>\n\t\t\t\t<section class=\"elementor-section elementor-top-section elementor-element elementor-element-ab8b8a0 elementor-section-boxed elementor-section-height-default elementor-section-height-default\" data-id=\"ab8b8a0\" data-element_type=\"section\" data-e-type=\"section\">\n\t\t\t\t\t\t<div class=\"elementor-container elementor-column-gap-default\">\n\t\t\t\t\t<div class=\"elementor-column elementor-col-50 elementor-top-column elementor-element elementor-element-3debadf\" data-id=\"3debadf\" data-element_type=\"column\" data-e-type=\"column\">\n\t\t\t<div class=\"elementor-widget-wrap elementor-element-populated\">\n\t\t\t\t\t\t<div class=\"elementor-element elementor-element-bd0ddeb elementor-widget elementor-widget-video\" data-id=\"bd0ddeb\" data-element_type=\"widget\" data-e-type=\"widget\" data-settings=\"{&quot;youtube_url&quot;:&quot;https:\\\/\\\/www.youtube.com\\\/watch?v=8GCMn3o3PDk&quot;,&quot;video_type&quot;:&quot;youtube&quot;,&quot;controls&quot;:&quot;yes&quot;}\" data-widget_type=\"video.default\">\n\t\t\t\t<div class=\"elementor-widget-container\">\n\t\t\t\t\t\t\t<div class=\"elementor-wrapper elementor-open-inline\">\n\t\t\t<div class=\"elementor-video\"><\/div>\t\t<\/div>\n\t\t\t\t\t\t<\/div>\n\t\t\t\t<\/div>\n\t\t\t\t\t<\/div>\n\t\t<\/div>\n\t\t\t\t<div class=\"elementor-column elementor-col-50 elementor-top-column elementor-element elementor-element-21979f6\" data-id=\"21979f6\" data-element_type=\"column\" data-e-type=\"column\">\n\t\t\t<div class=\"elementor-widget-wrap elementor-element-populated\">\n\t\t\t\t\t\t<div class=\"elementor-element elementor-element-faa4774 elementor-widget elementor-widget-image\" data-id=\"faa4774\" data-element_type=\"widget\" data-e-type=\"widget\" data-widget_type=\"image.default\">\n\t\t\t\t<div class=\"elementor-widget-container\">\n\t\t\t\t\t\t\t\t\t\t\t\t\t\t\t\t<a href=\"https:\/\/ffm.to\/67e8d1o\">\n\t\t\t\t\t\t\t<img fetchpriority=\"high\" decoding=\"async\" width=\"300\" height=\"300\" src=\"https:\/\/i0.wp.com\/www.francoisfelixroy.com\/wp-content\/uploads\/2023\/04\/FFR_001_SINGLE01.jpg?fit=300%2C300&amp;ssl=1\" class=\"attachment-medium size-medium wp-image-757\" alt=\"\" srcset=\"https:\/\/i0.wp.com\/www.francoisfelixroy.com\/wp-content\/uploads\/2023\/04\/FFR_001_SINGLE01.jpg?w=1500&amp;ssl=1 1500w, https:\/\/i0.wp.com\/www.francoisfelixroy.com\/wp-content\/uploads\/2023\/04\/FFR_001_SINGLE01.jpg?resize=300%2C300&amp;ssl=1 300w, https:\/\/i0.wp.com\/www.francoisfelixroy.com\/wp-content\/uploads\/2023\/04\/FFR_001_SINGLE01.jpg?resize=700%2C700&amp;ssl=1 700w, https:\/\/i0.wp.com\/www.francoisfelixroy.com\/wp-content\/uploads\/2023\/04\/FFR_001_SINGLE01.jpg?resize=150%2C150&amp;ssl=1 150w, https:\/\/i0.wp.com\/www.francoisfelixroy.com\/wp-content\/uploads\/2023\/04\/FFR_001_SINGLE01.jpg?resize=768%2C768&amp;ssl=1 768w, https:\/\/i0.wp.com\/www.francoisfelixroy.com\/wp-content\/uploads\/2023\/04\/FFR_001_SINGLE01.jpg?resize=12%2C12&amp;ssl=1 12w, https:\/\/i0.wp.com\/www.francoisfelixroy.com\/wp-content\/uploads\/2023\/04\/FFR_001_SINGLE01.jpg?resize=100%2C100&amp;ssl=1 100w, https:\/\/i0.wp.com\/www.francoisfelixroy.com\/wp-content\/uploads\/2023\/04\/FFR_001_SINGLE01.jpg?resize=1320%2C1320&amp;ssl=1 1320w, https:\/\/i0.wp.com\/www.francoisfelixroy.com\/wp-content\/uploads\/2023\/04\/FFR_001_SINGLE01.jpg?resize=24%2C24&amp;ssl=1 24w, https:\/\/i0.wp.com\/www.francoisfelixroy.com\/wp-content\/uploads\/2023\/04\/FFR_001_SINGLE01.jpg?resize=36%2C36&amp;ssl=1 36w, https:\/\/i0.wp.com\/www.francoisfelixroy.com\/wp-content\/uploads\/2023\/04\/FFR_001_SINGLE01.jpg?resize=48%2C48&amp;ssl=1 48w, https:\/\/i0.wp.com\/www.francoisfelixroy.com\/wp-content\/uploads\/2023\/04\/FFR_001_SINGLE01.jpg?resize=600%2C600&amp;ssl=1 600w\" sizes=\"(max-width: 300px) 100vw, 300px\" \/>\t\t\t\t\t\t\t\t<\/a>\n\t\t\t\t\t\t\t\t\t\t\t\t\t\t\t<\/div>\n\t\t\t\t<\/div>\n\t\t\t\t\t<\/div>\n\t\t<\/div>\n\t\t\t\t\t<\/div>\n\t\t<\/section>\n\t\t\t\t<section class=\"elementor-section elementor-top-section elementor-element elementor-element-c12f54d elementor-section-boxed elementor-section-height-default elementor-section-height-default\" data-id=\"c12f54d\" data-element_type=\"section\" data-e-type=\"section\">\n\t\t\t\t\t\t<div class=\"elementor-container elementor-column-gap-default\">\n\t\t\t\t\t<div class=\"elementor-column elementor-col-50 elementor-top-column elementor-element elementor-element-f92ffe8\" data-id=\"f92ffe8\" data-element_type=\"column\" data-e-type=\"column\">\n\t\t\t<div class=\"elementor-widget-wrap elementor-element-populated\">\n\t\t\t\t\t\t<div class=\"elementor-element elementor-element-f8d7a5c elementor-widget elementor-widget-video\" data-id=\"f8d7a5c\" data-element_type=\"widget\" data-e-type=\"widget\" data-settings=\"{&quot;youtube_url&quot;:&quot;https:\\\/\\\/www.youtube.com\\\/watch?v=w_o72TjyYYU&quot;,&quot;video_type&quot;:&quot;youtube&quot;,&quot;controls&quot;:&quot;yes&quot;}\" data-widget_type=\"video.default\">\n\t\t\t\t<div class=\"elementor-widget-container\">\n\t\t\t\t\t\t\t<div class=\"elementor-wrapper elementor-open-inline\">\n\t\t\t<div class=\"elementor-video\"><\/div>\t\t<\/div>\n\t\t\t\t\t\t<\/div>\n\t\t\t\t<\/div>\n\t\t\t\t\t<\/div>\n\t\t<\/div>\n\t\t\t\t<div class=\"elementor-column elementor-col-50 elementor-top-column elementor-element elementor-element-1ca0acd\" data-id=\"1ca0acd\" data-element_type=\"column\" data-e-type=\"column\">\n\t\t\t<div class=\"elementor-widget-wrap elementor-element-populated\">\n\t\t\t\t\t\t<div class=\"elementor-element elementor-element-0fef01d elementor-widget elementor-widget-image\" data-id=\"0fef01d\" data-element_type=\"widget\" data-e-type=\"widget\" data-widget_type=\"image.default\">\n\t\t\t\t<div class=\"elementor-widget-container\">\n\t\t\t\t\t\t\t\t\t\t\t\t\t\t\t\t<a href=\"https:\/\/ffm.to\/0xd6ynn\">\n\t\t\t\t\t\t\t<img decoding=\"async\" width=\"300\" height=\"300\" data-src=\"https:\/\/i0.wp.com\/www.francoisfelixroy.com\/wp-content\/uploads\/2023\/04\/FFR_001_SINGLE02.jpg?fit=300%2C300&amp;ssl=1\" class=\"attachment-medium size-medium wp-image-758 lazyload\" alt=\"Suite de la cardeuse\" data-srcset=\"https:\/\/i0.wp.com\/www.francoisfelixroy.com\/wp-content\/uploads\/2023\/04\/FFR_001_SINGLE02.jpg?w=1500&amp;ssl=1 1500w, https:\/\/i0.wp.com\/www.francoisfelixroy.com\/wp-content\/uploads\/2023\/04\/FFR_001_SINGLE02.jpg?resize=300%2C300&amp;ssl=1 300w, https:\/\/i0.wp.com\/www.francoisfelixroy.com\/wp-content\/uploads\/2023\/04\/FFR_001_SINGLE02.jpg?resize=700%2C700&amp;ssl=1 700w, https:\/\/i0.wp.com\/www.francoisfelixroy.com\/wp-content\/uploads\/2023\/04\/FFR_001_SINGLE02.jpg?resize=150%2C150&amp;ssl=1 150w, https:\/\/i0.wp.com\/www.francoisfelixroy.com\/wp-content\/uploads\/2023\/04\/FFR_001_SINGLE02.jpg?resize=768%2C768&amp;ssl=1 768w, https:\/\/i0.wp.com\/www.francoisfelixroy.com\/wp-content\/uploads\/2023\/04\/FFR_001_SINGLE02.jpg?resize=12%2C12&amp;ssl=1 12w, https:\/\/i0.wp.com\/www.francoisfelixroy.com\/wp-content\/uploads\/2023\/04\/FFR_001_SINGLE02.jpg?resize=100%2C100&amp;ssl=1 100w, https:\/\/i0.wp.com\/www.francoisfelixroy.com\/wp-content\/uploads\/2023\/04\/FFR_001_SINGLE02.jpg?resize=1320%2C1320&amp;ssl=1 1320w, https:\/\/i0.wp.com\/www.francoisfelixroy.com\/wp-content\/uploads\/2023\/04\/FFR_001_SINGLE02.jpg?resize=24%2C24&amp;ssl=1 24w, https:\/\/i0.wp.com\/www.francoisfelixroy.com\/wp-content\/uploads\/2023\/04\/FFR_001_SINGLE02.jpg?resize=36%2C36&amp;ssl=1 36w, https:\/\/i0.wp.com\/www.francoisfelixroy.com\/wp-content\/uploads\/2023\/04\/FFR_001_SINGLE02.jpg?resize=48%2C48&amp;ssl=1 48w, https:\/\/i0.wp.com\/www.francoisfelixroy.com\/wp-content\/uploads\/2023\/04\/FFR_001_SINGLE02.jpg?resize=600%2C600&amp;ssl=1 600w\" data-sizes=\"(max-width: 300px) 100vw, 300px\" src=\"data:image\/svg+xml;base64,PHN2ZyB3aWR0aD0iMSIgaGVpZ2h0PSIxIiB4bWxucz0iaHR0cDovL3d3dy53My5vcmcvMjAwMC9zdmciPjwvc3ZnPg==\" style=\"--smush-placeholder-width: 300px; --smush-placeholder-aspect-ratio: 300\/300;\" \/>\t\t\t\t\t\t\t\t<\/a>\n\t\t\t\t\t\t\t\t\t\t\t\t\t\t\t<\/div>\n\t\t\t\t<\/div>\n\t\t\t\t\t<\/div>\n\t\t<\/div>\n\t\t\t\t\t<\/div>\n\t\t<\/section>\n\t\t\t\t<section class=\"elementor-section elementor-top-section elementor-element elementor-element-a47fd6e elementor-section-boxed elementor-section-height-default elementor-section-height-default\" data-id=\"a47fd6e\" data-element_type=\"section\" data-e-type=\"section\">\n\t\t\t\t\t\t<div class=\"elementor-container elementor-column-gap-default\">\n\t\t\t\t\t<div class=\"elementor-column elementor-col-100 elementor-top-column elementor-element elementor-element-308d984\" data-id=\"308d984\" data-element_type=\"column\" data-e-type=\"column\">\n\t\t\t<div class=\"elementor-widget-wrap elementor-element-populated\">\n\t\t\t\t\t\t\t<\/div>\n\t\t<\/div>\n\t\t\t\t\t<\/div>\n\t\t<\/section>\n\t\t\t\t<\/div>","protected":false},"excerpt":{"rendered":"<p>Mon premier album, Peines perdues, est maintenant disponible sur toutes les plateformes! Lien d&#8217;\u00e9coute ou Acheter via Bandcamp T\u00e9l\u00e9charger le livret Pour en apprendre plus sur la conception de l&#8217;album, vous pouvez m&#8217;entendre en entrevue<a href=\"https:\/\/www.francoisfelixroy.com\/en\/musique\/\" class=\"more-link\">Read more<\/a><\/p>","protected":false},"author":1,"featured_media":205,"parent":0,"menu_order":0,"comment_status":"closed","ping_status":"closed","template":"","meta":{"nf_dc_page":"","_monsterinsights_skip_tracking":false,"_monsterinsights_sitenote_active":false,"_monsterinsights_sitenote_note":"","_monsterinsights_sitenote_category":0,"cybocfi_hide_featured_image":"","footnotes":""},"class_list":["post-119","page","type-page","status-publish","has-post-thumbnail","hentry"],"yoast_head":"<!-- This site is optimized with the Yoast SEO plugin v27.4 - https:\/\/yoast.com\/product\/yoast-seo-wordpress\/ -->\n<title>Musique - Fran\u00e7ois-F\u00e9lix Roy<\/title>\n<meta name=\"description\" content=\"Pour explorer les diff\u00e9rents projets musicaux de Fran\u00e7ois-F\u00e9lix Roy et acc\u00e9der \u00e0 une multitude de contenu.\" \/>\n<meta name=\"robots\" content=\"index, follow, max-snippet:-1, max-image-preview:large, max-video-preview:-1\" \/>\n<link rel=\"canonical\" href=\"https:\/\/www.francoisfelixroy.com\/en\/musique\/\" \/>\n<meta property=\"og:locale\" content=\"en_US\" \/>\n<meta property=\"og:type\" content=\"article\" \/>\n<meta property=\"og:title\" content=\"Musique - Fran\u00e7ois-F\u00e9lix Roy\" \/>\n<meta property=\"og:description\" content=\"Pour explorer les diff\u00e9rents projets musicaux de Fran\u00e7ois-F\u00e9lix Roy et acc\u00e9der \u00e0 une multitude de contenu.\" \/>\n<meta property=\"og:url\" content=\"https:\/\/www.francoisfelixroy.com\/en\/musique\/\" \/>\n<meta property=\"og:site_name\" content=\"Fran\u00e7ois-F\u00e9lix Roy\" \/>\n<meta property=\"article:modified_time\" content=\"2023-09-04T13:57:19+00:00\" \/>\n<meta property=\"og:image\" content=\"https:\/\/www.francoisfelixroy.com\/wp-content\/uploads\/2021\/06\/Banniere-2-coupee.jpg\" \/>\n\t<meta property=\"og:image:width\" content=\"1\" \/>\n\t<meta property=\"og:image:height\" content=\"1\" \/>\n\t<meta property=\"og:image:type\" content=\"image\/jpeg\" \/>\n<meta name=\"twitter:card\" content=\"summary_large_image\" \/>\n<meta name=\"twitter:label1\" content=\"Est. reading time\" \/>\n\t<meta name=\"twitter:data1\" content=\"1 minute\" \/>\n<script type=\"application\/ld+json\" class=\"yoast-schema-graph\">{\"@context\":\"https:\\\/\\\/schema.org\",\"@graph\":[{\"@type\":\"WebPage\",\"@id\":\"https:\\\/\\\/www.francoisfelixroy.com\\\/musique\\\/\",\"url\":\"https:\\\/\\\/www.francoisfelixroy.com\\\/musique\\\/\",\"name\":\"Musique - Fran\u00e7ois-F\u00e9lix Roy\",\"isPartOf\":{\"@id\":\"https:\\\/\\\/www.francoisfelixroy.com\\\/#website\"},\"primaryImageOfPage\":{\"@id\":\"https:\\\/\\\/www.francoisfelixroy.com\\\/musique\\\/#primaryimage\"},\"image\":{\"@id\":\"https:\\\/\\\/www.francoisfelixroy.com\\\/musique\\\/#primaryimage\"},\"thumbnailUrl\":\"https:\\\/\\\/i0.wp.com\\\/www.francoisfelixroy.com\\\/wp-content\\\/uploads\\\/2021\\\/06\\\/Banniere-2-coupee.jpg?fit=%2C&ssl=1\",\"datePublished\":\"2021-02-26T16:22:58+00:00\",\"dateModified\":\"2023-09-04T13:57:19+00:00\",\"description\":\"Pour explorer les diff\u00e9rents projets musicaux de Fran\u00e7ois-F\u00e9lix Roy et acc\u00e9der \u00e0 une multitude de contenu.\",\"breadcrumb\":{\"@id\":\"https:\\\/\\\/www.francoisfelixroy.com\\\/musique\\\/#breadcrumb\"},\"inLanguage\":\"en-CA\",\"potentialAction\":[{\"@type\":\"ReadAction\",\"target\":[\"https:\\\/\\\/www.francoisfelixroy.com\\\/musique\\\/\"]}]},{\"@type\":\"ImageObject\",\"inLanguage\":\"en-CA\",\"@id\":\"https:\\\/\\\/www.francoisfelixroy.com\\\/musique\\\/#primaryimage\",\"url\":\"https:\\\/\\\/i0.wp.com\\\/www.francoisfelixroy.com\\\/wp-content\\\/uploads\\\/2021\\\/06\\\/Banniere-2-coupee.jpg?fit=%2C&ssl=1\",\"contentUrl\":\"https:\\\/\\\/i0.wp.com\\\/www.francoisfelixroy.com\\\/wp-content\\\/uploads\\\/2021\\\/06\\\/Banniere-2-coupee.jpg?fit=%2C&ssl=1\"},{\"@type\":\"BreadcrumbList\",\"@id\":\"https:\\\/\\\/www.francoisfelixroy.com\\\/musique\\\/#breadcrumb\",\"itemListElement\":[{\"@type\":\"ListItem\",\"position\":1,\"name\":\"Accueil\",\"item\":\"https:\\\/\\\/www.francoisfelixroy.com\\\/\"},{\"@type\":\"ListItem\",\"position\":2,\"name\":\"Musique\"}]},{\"@type\":\"WebSite\",\"@id\":\"https:\\\/\\\/www.francoisfelixroy.com\\\/#website\",\"url\":\"https:\\\/\\\/www.francoisfelixroy.com\\\/\",\"name\":\"Fran\u00e7ois-F\u00e9lix Roy\",\"description\":\"\",\"publisher\":{\"@id\":\"https:\\\/\\\/www.francoisfelixroy.com\\\/#\\\/schema\\\/person\\\/fc98a2413ff00ce4317f0854aeece535\"},\"potentialAction\":[{\"@type\":\"SearchAction\",\"target\":{\"@type\":\"EntryPoint\",\"urlTemplate\":\"https:\\\/\\\/www.francoisfelixroy.com\\\/?s={search_term_string}\"},\"query-input\":{\"@type\":\"PropertyValueSpecification\",\"valueRequired\":true,\"valueName\":\"search_term_string\"}}],\"inLanguage\":\"en-CA\"},{\"@type\":[\"Person\",\"Organization\"],\"@id\":\"https:\\\/\\\/www.francoisfelixroy.com\\\/#\\\/schema\\\/person\\\/fc98a2413ff00ce4317f0854aeece535\",\"name\":\"francoisfelixroy\",\"image\":{\"@type\":\"ImageObject\",\"inLanguage\":\"en-CA\",\"@id\":\"https:\\\/\\\/secure.gravatar.com\\\/avatar\\\/6fdf0ea179b60b84ac828225dd139c935898b0ab81eeff3d0920a6d89f922984?s=96&d=mm&r=g\",\"url\":\"https:\\\/\\\/secure.gravatar.com\\\/avatar\\\/6fdf0ea179b60b84ac828225dd139c935898b0ab81eeff3d0920a6d89f922984?s=96&d=mm&r=g\",\"contentUrl\":\"https:\\\/\\\/secure.gravatar.com\\\/avatar\\\/6fdf0ea179b60b84ac828225dd139c935898b0ab81eeff3d0920a6d89f922984?s=96&d=mm&r=g\",\"caption\":\"francoisfelixroy\"},\"logo\":{\"@id\":\"https:\\\/\\\/secure.gravatar.com\\\/avatar\\\/6fdf0ea179b60b84ac828225dd139c935898b0ab81eeff3d0920a6d89f922984?s=96&d=mm&r=g\"}}]}<\/script>\n<!-- \/ Yoast SEO plugin. -->","yoast_head_json":{"title":"Musique - Fran\u00e7ois-F\u00e9lix Roy","description":"Pour explorer les diff\u00e9rents projets musicaux de Fran\u00e7ois-F\u00e9lix Roy et acc\u00e9der \u00e0 une multitude de contenu.","robots":{"index":"index","follow":"follow","max-snippet":"max-snippet:-1","max-image-preview":"max-image-preview:large","max-video-preview":"max-video-preview:-1"},"canonical":"https:\/\/www.francoisfelixroy.com\/en\/musique\/","og_locale":"en_US","og_type":"article","og_title":"Musique - Fran\u00e7ois-F\u00e9lix Roy","og_description":"Pour explorer les diff\u00e9rents projets musicaux de Fran\u00e7ois-F\u00e9lix Roy et acc\u00e9der \u00e0 une multitude de contenu.","og_url":"https:\/\/www.francoisfelixroy.com\/en\/musique\/","og_site_name":"Fran\u00e7ois-F\u00e9lix Roy","article_modified_time":"2023-09-04T13:57:19+00:00","og_image":[{"url":"https:\/\/www.francoisfelixroy.com\/wp-content\/uploads\/2021\/06\/Banniere-2-coupee.jpg","width":1,"height":1,"type":"image\/jpeg"}],"twitter_card":"summary_large_image","twitter_misc":{"Est. reading time":"1 minute"},"schema":{"@context":"https:\/\/schema.org","@graph":[{"@type":"WebPage","@id":"https:\/\/www.francoisfelixroy.com\/musique\/","url":"https:\/\/www.francoisfelixroy.com\/musique\/","name":"Musique - Fran\u00e7ois-F\u00e9lix Roy","isPartOf":{"@id":"https:\/\/www.francoisfelixroy.com\/#website"},"primaryImageOfPage":{"@id":"https:\/\/www.francoisfelixroy.com\/musique\/#primaryimage"},"image":{"@id":"https:\/\/www.francoisfelixroy.com\/musique\/#primaryimage"},"thumbnailUrl":"https:\/\/i0.wp.com\/www.francoisfelixroy.com\/wp-content\/uploads\/2021\/06\/Banniere-2-coupee.jpg?fit=%2C&ssl=1","datePublished":"2021-02-26T16:22:58+00:00","dateModified":"2023-09-04T13:57:19+00:00","description":"Pour explorer les diff\u00e9rents projets musicaux de Fran\u00e7ois-F\u00e9lix Roy et acc\u00e9der \u00e0 une multitude de contenu.","breadcrumb":{"@id":"https:\/\/www.francoisfelixroy.com\/musique\/#breadcrumb"},"inLanguage":"en-CA","potentialAction":[{"@type":"ReadAction","target":["https:\/\/www.francoisfelixroy.com\/musique\/"]}]},{"@type":"ImageObject","inLanguage":"en-CA","@id":"https:\/\/www.francoisfelixroy.com\/musique\/#primaryimage","url":"https:\/\/i0.wp.com\/www.francoisfelixroy.com\/wp-content\/uploads\/2021\/06\/Banniere-2-coupee.jpg?fit=%2C&ssl=1","contentUrl":"https:\/\/i0.wp.com\/www.francoisfelixroy.com\/wp-content\/uploads\/2021\/06\/Banniere-2-coupee.jpg?fit=%2C&ssl=1"},{"@type":"BreadcrumbList","@id":"https:\/\/www.francoisfelixroy.com\/musique\/#breadcrumb","itemListElement":[{"@type":"ListItem","position":1,"name":"Accueil","item":"https:\/\/www.francoisfelixroy.com\/"},{"@type":"ListItem","position":2,"name":"Musique"}]},{"@type":"WebSite","@id":"https:\/\/www.francoisfelixroy.com\/#website","url":"https:\/\/www.francoisfelixroy.com\/","name":"Fran\u00e7ois-F\u00e9lix Roy","description":"","publisher":{"@id":"https:\/\/www.francoisfelixroy.com\/#\/schema\/person\/fc98a2413ff00ce4317f0854aeece535"},"potentialAction":[{"@type":"SearchAction","target":{"@type":"EntryPoint","urlTemplate":"https:\/\/www.francoisfelixroy.com\/?s={search_term_string}"},"query-input":{"@type":"PropertyValueSpecification","valueRequired":true,"valueName":"search_term_string"}}],"inLanguage":"en-CA"},{"@type":["Person","Organization"],"@id":"https:\/\/www.francoisfelixroy.com\/#\/schema\/person\/fc98a2413ff00ce4317f0854aeece535","name":"francoisfelixroy","image":{"@type":"ImageObject","inLanguage":"en-CA","@id":"https:\/\/secure.gravatar.com\/avatar\/6fdf0ea179b60b84ac828225dd139c935898b0ab81eeff3d0920a6d89f922984?s=96&d=mm&r=g","url":"https:\/\/secure.gravatar.com\/avatar\/6fdf0ea179b60b84ac828225dd139c935898b0ab81eeff3d0920a6d89f922984?s=96&d=mm&r=g","contentUrl":"https:\/\/secure.gravatar.com\/avatar\/6fdf0ea179b60b84ac828225dd139c935898b0ab81eeff3d0920a6d89f922984?s=96&d=mm&r=g","caption":"francoisfelixroy"},"logo":{"@id":"https:\/\/secure.gravatar.com\/avatar\/6fdf0ea179b60b84ac828225dd139c935898b0ab81eeff3d0920a6d89f922984?s=96&d=mm&r=g"}}]}},"jetpack_sharing_enabled":true,"_links":{"self":[{"href":"https:\/\/www.francoisfelixroy.com\/en\/wp-json\/wp\/v2\/pages\/119","targetHints":{"allow":["GET"]}}],"collection":[{"href":"https:\/\/www.francoisfelixroy.com\/en\/wp-json\/wp\/v2\/pages"}],"about":[{"href":"https:\/\/www.francoisfelixroy.com\/en\/wp-json\/wp\/v2\/types\/page"}],"author":[{"embeddable":true,"href":"https:\/\/www.francoisfelixroy.com\/en\/wp-json\/wp\/v2\/users\/1"}],"replies":[{"embeddable":true,"href":"https:\/\/www.francoisfelixroy.com\/en\/wp-json\/wp\/v2\/comments?post=119"}],"version-history":[{"count":5,"href":"https:\/\/www.francoisfelixroy.com\/en\/wp-json\/wp\/v2\/pages\/119\/revisions"}],"predecessor-version":[{"id":875,"href":"https:\/\/www.francoisfelixroy.com\/en\/wp-json\/wp\/v2\/pages\/119\/revisions\/875"}],"wp:featuredmedia":[{"embeddable":true,"href":"https:\/\/www.francoisfelixroy.com\/en\/wp-json\/wp\/v2\/media\/205"}],"wp:attachment":[{"href":"https:\/\/www.francoisfelixroy.com\/en\/wp-json\/wp\/v2\/media?parent=119"}],"curies":[{"name":"wp","href":"https:\/\/api.w.org\/{rel}","templated":true}]}}